{"id":3130,"date":"2023-12-06T10:42:29","date_gmt":"2023-12-06T09:42:29","guid":{"rendered":"https:\/\/www.emmanuelpidjob.com\/artistic-projects-of-emmanuel-pidjob\/duo-avec-jean-charles-agou\/"},"modified":"2025-02-19T19:13:23","modified_gmt":"2025-02-19T18:13:23","slug":"duo-avec-jean-charles-agou","status":"publish","type":"page","link":"https:\/\/www.emmanuelpidjob.com\/en\/artistic-projects-of-emmanuel-pidjob\/duo-avec-jean-charles-agou\/","title":{"rendered":"Duo avec Jean-Charles Agou"},"content":{"rendered":"<p>[et_pb_section fb_built=&#8221;1&#8243; _builder_version=&#8221;4.23.4&#8243; _module_preset=&#8221;default&#8221; custom_padding=&#8221;40px||0px|||&#8221; global_colors_info=&#8221;{}&#8221;][et_pb_row _builder_version=&#8221;4.23.4&#8243; _module_preset=&#8221;default&#8221; global_colors_info=&#8221;{}&#8221;][et_pb_column type=&#8221;4_4&#8243; _builder_version=&#8221;4.23.4&#8243; _module_preset=&#8221;default&#8221; global_colors_info=&#8221;{}&#8221;][et_pb_text _builder_version=&#8221;4.27.4&#8243; _module_preset=&#8221;default&#8221; text_font_size=&#8221;25px&#8221; header_font=&#8221;|600|||||||&#8221; header_2_font=&#8221;|700|||||||&#8221; header_2_line_height=&#8221;1.1em&#8221; background_image=&#8221;https:\/\/www.emmanuelpidjob.com\/wp-content\/uploads\/2023\/06\/background-brush-1.png&#8221; background_size=&#8221;contain&#8221; text_orientation=&#8221;center&#8221; custom_padding=&#8221;||12px||false|false&#8221; hover_enabled=&#8221;0&#8243; header_font_size_tablet=&#8221;40px&#8221; header_font_size_phone=&#8221;35px&#8221; header_font_size_last_edited=&#8221;on|phone&#8221; locked=&#8221;off&#8221; global_colors_info=&#8221;{}&#8221; sticky_enabled=&#8221;0&#8243;]<\/p>\n<h1>Duo Agou &amp; Pi\u00a0Djob<\/h1>\n<p><b>Jazz &#8211; Soul &#8211; Blues<\/b><\/p>\n<p>[\/et_pb_text][\/et_pb_column][\/et_pb_row][\/et_pb_section][et_pb_section fb_built=&#8221;1&#8243; _builder_version=&#8221;4.21.0&#8243; _module_preset=&#8221;default&#8221; custom_padding=&#8221;1px||20px|||&#8221; locked=&#8221;off&#8221; global_colors_info=&#8221;{}&#8221;][et_pb_row _builder_version=&#8221;4.23.4&#8243; _module_preset=&#8221;default&#8221; custom_padding=&#8221;0px|||||&#8221; global_colors_info=&#8221;{}&#8221;][et_pb_column type=&#8221;4_4&#8243; _builder_version=&#8221;4.23.4&#8243; _module_preset=&#8221;default&#8221; global_colors_info=&#8221;{}&#8221;][et_pb_text _builder_version=&#8221;4.27.4&#8243; _module_preset=&#8221;default&#8221; text_font=&#8221;||||||||&#8221; text_font_size=&#8221;20px&#8221; text_line_height=&#8221;1.8em&#8221; text_orientation=&#8221;center&#8221; hover_enabled=&#8221;0&#8243; global_colors_info=&#8221;{}&#8221; sticky_enabled=&#8221;0&#8243;]<\/p>\n<p>This duo&#8217;s melodies, sometimes <strong>longing<\/strong>, sometimes <strong>energetic<\/strong>, are <strong>amplified by inspiration and improvisation<\/strong>.<\/p>\n<p>[\/et_pb_text][\/et_pb_column][\/et_pb_row][\/et_pb_section][et_pb_section fb_built=&#8221;1&#8243; fullwidth=&#8221;on&#8221; _builder_version=&#8221;4.23.4&#8243; _module_preset=&#8221;default&#8221; global_colors_info=&#8221;{}&#8221;][et_pb_fullwidth_image src=&#8221;https:\/\/www.emmanuelpidjob.com\/wp-content\/uploads\/2024\/01\/agou-djob.jpg&#8221; title_text=&#8221;agou-djob&#8221; _builder_version=&#8221;4.23.4&#8243; _module_preset=&#8221;default&#8221; global_colors_info=&#8221;{}&#8221;][\/et_pb_fullwidth_image][\/et_pb_section][et_pb_section fb_built=&#8221;1&#8243; _builder_version=&#8221;4.23.4&#8243; _module_preset=&#8221;default&#8221; custom_padding=&#8221;0px||0px|||&#8221; global_colors_info=&#8221;{}&#8221;][et_pb_row column_structure=&#8221;1_3,1_3,1_3&#8243; use_custom_gutter=&#8221;on&#8221; gutter_width=&#8221;2&#8243; _builder_version=&#8221;4.23.4&#8243; _module_preset=&#8221;default&#8221; width=&#8221;90%&#8221; max_width=&#8221;100%&#8221; global_colors_info=&#8221;{}&#8221;][et_pb_column type=&#8221;1_3&#8243; _builder_version=&#8221;4.23.4&#8243; _module_preset=&#8221;default&#8221; global_colors_info=&#8221;{}&#8221;][et_pb_image src=&#8221;https:\/\/www.emmanuelpidjob.com\/wp-content\/uploads\/2023\/11\/VISUEL-WEB-CARRE-AGOU-PI-DJOB.jpg&#8221; title_text=&#8221;VISUEL WEB CARRE AGOU &#8211; PI DJOB&#8221; _builder_version=&#8221;4.23.4&#8243; _module_preset=&#8221;default&#8221; transform_scale_tablet=&#8221;&#8221; transform_scale_phone=&#8221;&#8221; transform_scale_last_edited=&#8221;on|desktop&#8221; transform_translate=&#8221;-28px|-54px&#8221; transform_translate_tablet=&#8221;0px|0px&#8221; transform_translate_phone=&#8221;0px|0px&#8221; transform_translate_last_edited=&#8221;on|tablet&#8221; transform_translate_linked_tablet=&#8221;off&#8221; transform_rotate_tablet=&#8221;&#8221; transform_rotate_phone=&#8221;&#8221; transform_rotate_last_edited=&#8221;on|desktop&#8221; transform_skew_tablet=&#8221;&#8221; transform_skew_phone=&#8221;&#8221; transform_skew_last_edited=&#8221;on|desktop&#8221; transform_origin_tablet=&#8221;&#8221; transform_origin_phone=&#8221;&#8221; transform_origin_last_edited=&#8221;on|desktop&#8221; transform_styles_last_edited=&#8221;on|tablet&#8221; transform_styles_tablet=&#8221;&#8221; transform_styles_phone=&#8221;&#8221; global_colors_info=&#8221;{}&#8221;][\/et_pb_image][et_pb_text _builder_version=&#8221;4.27.4&#8243; _module_preset=&#8221;default&#8221; custom_margin=&#8221;30px||0px|||&#8221; custom_margin_tablet=&#8221;||-5px||false|false&#8221; custom_margin_phone=&#8221;||-5px||false|false&#8221; custom_margin_last_edited=&#8221;on|tablet&#8221; hover_enabled=&#8221;0&#8243; global_colors_info=&#8221;{}&#8221; sticky_enabled=&#8221;0&#8243;]<\/p>\n<p><strong>Two inspired artists come together.<\/strong><\/p>\n<p>Mediterranean jazz, blues and soul in a melodic, captivating concert.<\/p>\n<p>In 2016, multi-instrumentalist Jean-Charles Agou invited artist Emmanuel Pi Djob to create a duo as part of the 10th N\u00eemes M\u00e9tropole Jazz Festival.<\/p>\n<p>[\/et_pb_text][\/et_pb_column][et_pb_column type=&#8221;1_3&#8243; _builder_version=&#8221;4.23.4&#8243; _module_preset=&#8221;default&#8221; global_colors_info=&#8221;{}&#8221;][et_pb_text _builder_version=&#8221;4.27.4&#8243; _module_preset=&#8221;default&#8221; custom_margin=&#8221;30px||27px|||&#8221; custom_margin_tablet=&#8221;0px||||false|false&#8221; custom_margin_phone=&#8221;0px||||false|false&#8221; custom_margin_last_edited=&#8221;on|tablet&#8221; hover_enabled=&#8221;0&#8243; global_colors_info=&#8221;{}&#8221; sticky_enabled=&#8221;0&#8243;]<\/p>\n<p>This partnership immediately proved to be very creative, in the spirit of jazz, blues and soul. The two musicians, one born in North Africa, the other in Cameroon, have a deep understanding of each other&#8217;s music, a cross-breeding linked to their origins.<\/p>\n<p>[\/et_pb_text][et_pb_image src=&#8221;https:\/\/www.emmanuelpidjob.com\/wp-content\/uploads\/2024\/01\/Djagda-Joneo-Konyo-3.jpg&#8221; title_text=&#8221;Djagda Joneo Konyo &#8211; 3&#8243; _builder_version=&#8221;4.23.4&#8243; _module_preset=&#8221;default&#8221; global_colors_info=&#8221;{}&#8221;][\/et_pb_image][\/et_pb_column][et_pb_column type=&#8221;1_3&#8243; _builder_version=&#8221;4.23.4&#8243; _module_preset=&#8221;default&#8221; global_colors_info=&#8221;{}&#8221;][et_pb_image src=&#8221;https:\/\/www.emmanuelpidjob.com\/wp-content\/uploads\/2024\/01\/Djagda-Joneo-Konyo-1.jpg&#8221; title_text=&#8221;Djagda Joneo Konyo &#8211; 1&#8243; _builder_version=&#8221;4.23.4&#8243; _module_preset=&#8221;default&#8221; global_colors_info=&#8221;{}&#8221;][\/et_pb_image][et_pb_text _builder_version=&#8221;4.27.4&#8243; _module_preset=&#8221;default&#8221; custom_margin=&#8221;30px||17px|||&#8221; hover_enabled=&#8221;0&#8243; global_colors_info=&#8221;{}&#8221; sticky_enabled=&#8221;0&#8243;]<\/p>\n<p>Born on the other side of the Mediterranean, Jean-Charles Agou is influenced by oriental melodies and Afro-American jazz. His artistic career has been marked by several tours in West Africa, Morocco and Syria. His identity has been forged by his musical collaborations, which combine composition and improvisation.<\/p>\n<p>[\/et_pb_text][et_pb_text _builder_version=&#8221;4.27.4&#8243; _module_preset=&#8221;default&#8221; custom_margin=&#8221;30px||5px|||&#8221; hover_enabled=&#8221;0&#8243; global_colors_info=&#8221;{}&#8221; sticky_enabled=&#8221;0&#8243;]<\/p>\n<p>Concerts, albums and tours with (Manu DIBANGO, Michel MARRE, Ren\u00e9 Nan, Soriba KOUYATE, Cl\u00e9mentine C\u00c9LARI\u00c9, Clifford JARVIS, Lester BOWIE, Antonio RIVAS&#8230;)<\/p>\n<p>[\/et_pb_text][et_pb_button button_url=&#8221;https:\/\/www.facebook.com\/jeancharles.agou&#8221; url_new_window=&#8221;on&#8221; button_text=&#8221;Facebook Jean-Charles Agou&#8221; button_alignment_tablet=&#8221;&#8221; button_alignment_phone=&#8221;center&#8221; button_alignment_last_edited=&#8221;on|phone&#8221; disabled_on=&#8221;off|off|off&#8221; _builder_version=&#8221;4.24.2&#8243; _module_preset=&#8221;default&#8221; custom_button=&#8221;on&#8221; button_text_size=&#8221;13px&#8221; button_border_radius=&#8221;6px&#8221; button_font=&#8221;|600|||||||&#8221; button_icon=&#8221;&#xe093;||divi||400&#8243; button_icon_color=&#8221;#EED89A&#8221; button_on_hover=&#8221;off&#8221; custom_margin=&#8221;20px||10px||false|false&#8221; custom_padding=&#8221;2px||2px||true|false&#8221; locked=&#8221;off&#8221; global_colors_info=&#8221;{}&#8221;][\/et_pb_button][\/et_pb_column][\/et_pb_row][\/et_pb_section][et_pb_section fb_built=&#8221;1&#8243; _builder_version=&#8221;4.23.4&#8243; _module_preset=&#8221;default&#8221; background_color=&#8221;#3B2623&#8243; custom_padding=&#8221;30px||40px||false|false&#8221; global_colors_info=&#8221;{}&#8221;][et_pb_row _builder_version=&#8221;4.23.1&#8243; _module_preset=&#8221;default&#8221; global_colors_info=&#8221;{}&#8221;][et_pb_column type=&#8221;4_4&#8243; _builder_version=&#8221;4.21.0&#8243; _module_preset=&#8221;default&#8221; global_colors_info=&#8221;{}&#8221;][et_pb_text _builder_version=&#8221;4.27.4&#8243; _module_preset=&#8221;default&#8221; text_font_size=&#8221;25px&#8221; header_2_font=&#8221;|700|||||||&#8221; header_2_line_height=&#8221;1.1em&#8221; background_image=&#8221;https:\/\/www.emmanuelpidjob.com\/wp-content\/uploads\/2023\/06\/background-brush-1.png&#8221; background_size=&#8221;contain&#8221; text_orientation=&#8221;center&#8221; background_layout=&#8221;dark&#8221; custom_padding=&#8221;0px||0px||false|false&#8221; hover_enabled=&#8221;0&#8243; global_colors_info=&#8221;{}&#8221; sticky_enabled=&#8221;0&#8243;]<\/p>\n<h2>Video playlist<\/h2>\n<p>[\/et_pb_text][\/et_pb_column][\/et_pb_row][et_pb_row use_custom_gutter=&#8221;on&#8221; gutter_width=&#8221;2&#8243; _builder_version=&#8221;4.23.4&#8243; _module_preset=&#8221;default&#8221; width=&#8221;90%&#8221; max_width=&#8221;100%&#8221; global_colors_info=&#8221;{}&#8221;][et_pb_column type=&#8221;4_4&#8243; _builder_version=&#8221;4.23.4&#8243; _module_preset=&#8221;default&#8221; global_colors_info=&#8221;{}&#8221;][et_pb_video src=&#8221;https:\/\/youtube.com\/playlist?list=PLygrZVLakoplXX6wsgdMXAnyrh1HIR4uT&#038;si=wpjvGBOtFKxfuhEf&#8221; _builder_version=&#8221;4.23.4&#8243; _module_preset=&#8221;default&#8221; custom_margin=&#8221;||11px|||&#8221; global_colors_info=&#8221;{}&#8221;][\/et_pb_video][\/et_pb_column][\/et_pb_row][\/et_pb_section][et_pb_section fb_built=&#8221;1&#8243; _builder_version=&#8221;4.23.4&#8243; _module_preset=&#8221;default&#8221; background_color=&#8221;rgba(238,216,154,0.3)&#8221; custom_padding=&#8221;||40px|||&#8221; global_colors_info=&#8221;{}&#8221;][et_pb_row _builder_version=&#8221;4.23.4&#8243; _module_preset=&#8221;default&#8221; custom_padding=&#8221;0px|||||&#8221; global_colors_info=&#8221;{}&#8221;][et_pb_column type=&#8221;4_4&#8243; _builder_version=&#8221;4.23.4&#8243; _module_preset=&#8221;default&#8221; global_colors_info=&#8221;{}&#8221;][et_pb_text _builder_version=&#8221;4.27.4&#8243; _module_preset=&#8221;default&#8221; text_font=&#8221;||||||||&#8221; text_font_size=&#8221;30px&#8221; text_line_height=&#8221;1.8em&#8221; text_orientation=&#8221;center&#8221; custom_margin=&#8221;||6px|||&#8221; hover_enabled=&#8221;0&#8243; global_colors_info=&#8221;{}&#8221; sticky_enabled=&#8221;0&#8243;]<\/p>\n<p><strong>A project<\/strong> supported by <strong>Epimuzik<\/strong><\/p>\n<p>[\/et_pb_text][et_pb_image src=&#8221;https:\/\/www.emmanuelpidjob.com\/wp-content\/uploads\/2023\/12\/EPIMUZIK-LOGO-2023-OK-300&#215;148.png&#8221; title_text=&#8221;EPIMUZIK LOGO 2023 OK&#8221; align=&#8221;center&#8221; _builder_version=&#8221;4.23.4&#8243; _module_preset=&#8221;default&#8221; max_width=&#8221;150px&#8221; global_colors_info=&#8221;{}&#8221;][\/et_pb_image][\/et_pb_column][\/et_pb_row][\/et_pb_section]<\/p>\n","protected":false},"excerpt":{"rendered":"<p>Duo Agou &amp; Pi\u00a0Djob Jazz &#8211; Soul &#8211; BluesThis duo&#8217;s melodies, sometimes longing, sometimes energetic, are amplified by inspiration and improvisation.Two inspired artists come together. Mediterranean jazz, blues and soul in a melodic, captivating concert. In 2016, multi-instrumentalist Jean-Charles Agou invited artist Emmanuel Pi Djob to create a duo as part of the 10th N\u00eemes [&hellip;]<\/p>\n","protected":false},"author":1,"featured_media":0,"parent":2387,"menu_order":60,"comment_status":"closed","ping_status":"closed","template":"","meta":{"_et_pb_use_builder":"on","_et_pb_old_content":"<!-- wp:paragraph -->\n<p>La rencontre de deux artistes inspir\u00e9s.<\/p>\n<!-- \/wp:paragraph -->\n\n<!-- wp:paragraph -->\n<p>Le jazz m\u00e9diterran\u00e9en, le blues et la soul pour un concert m\u00e9lodique et envo\u00fbtant.<\/p>\n<!-- \/wp:paragraph -->\n\n<!-- wp:paragraph -->\n<p>En 2016, le multi instrumentiste Jean-Charles Agou invite l'artiste Emmanuel Pi Djob, pour cr\u00e9er un duo dans le cadre de la 10\u00e8me \u00e9dition du N\u00eemes M\u00e9tropole Jazz Festival.<\/p>\n<!-- \/wp:paragraph -->\n\n<!-- wp:paragraph -->\n<p>Cette association s'est montr\u00e9e, de suite, tr\u00e8s cr\u00e9ative, dans la veine Jazz, blues et soul, une \u00e9coute r\u00e9ciproque, un m\u00e9tissage li\u00e9 \u00e0 l'origine de ces deux musiciens, l'un n\u00e9 en Afrique du Nord, l'autre au Cameroun.<\/p>\n<!-- \/wp:paragraph -->\n\n<!-- wp:paragraph -->\n<p>Un duo dans lequel les m\u00e9lodies, tant\u00f4t langoureuses, tant\u00f4t \u00e9nergiques sont magnifi\u00e9es par l'inspiration et l'improvisation.<\/p>\n<!-- \/wp:paragraph -->\n\n<!-- wp:paragraph -->\n<p>Jean-Charles AGOU, n\u00e9 de l\u2019autre c\u00f4t\u00e9 de la M\u00e9diterran\u00e9e, empreint de m\u00e9lodies orientales et de jazz afro am\u00e9ricain, a un parcours artistique jalonn\u00e9 de plusieurs tourn\u00e9es en Afrique de l\u2019Ouest, Maroc, Syrie.&nbsp; Ses rencontres musicales ont forg\u00e9 son identit\u00e9, entre compositions et improvisations.<\/p>\n<!-- \/wp:paragraph -->\n\n<!-- wp:paragraph -->\n<p>Concerts, albums et tourn\u00e9es avec (Manu DIBANGO, Michel MARRE, Ren\u00e9 Nan, Soriba KOUYATE, Cl\u00e9mentine C\u00c9LARI\u00c9, Clifford JARVIS, Lester BOWIE, Antonio RIVAS...)<\/p>\n<!-- \/wp:paragraph -->\n\n<!-- wp:embed {\"url\":\"https:\/\/www.facebook.com\/jeancharles.agou\"} -->\n<figure class=\"wp-block-embed\"><div class=\"wp-block-embed__wrapper\">\nhttps:\/\/www.facebook.com\/jeancharles.agou\n<\/div><\/figure>\n<!-- \/wp:embed -->\n\n<!-- wp:paragraph -->\n<p>Un projet soutenu par EPIMUZIK.<\/p>\n<!-- \/wp:paragraph -->\n\n<!-- wp:heading {\"level\":4} -->\n<h4 class=\"wp-block-heading\">Vid\u00e9o<\/h4>\n<!-- \/wp:heading -->\n\n<!-- wp:embed {\"url\":\"https:\/\/youtube.com\/playlist?list=PLygrZVLakoplXX6wsgdMXAnyrh1HIR4uTu0026si=wpjvGBOtFKxfuhEf\",\"type\":\"video\",\"providerNameSlug\":\"youtube\",\"responsive\":true,\"className\":\"wp-embed-aspect-16-9 wp-has-aspect-ratio\"} -->\n<figure class=\"wp-block-embed is-type-video is-provider-youtube wp-block-embed-youtube wp-embed-aspect-16-9 wp-has-aspect-ratio\"><div class=\"wp-block-embed__wrapper\">\nhttps:\/\/youtube.com\/playlist?list=PLygrZVLakoplXX6wsgdMXAnyrh1HIR4uT&amp;si=wpjvGBOtFKxfuhEf\n<\/div><\/figure>\n<!-- \/wp:embed -->","_et_gb_content_width":"1080","footnotes":""},"class_list":["post-3130","page","type-page","status-publish","hentry"],"yoast_head":"<!-- This site is optimized with the Yoast SEO plugin v27.4 - https:\/\/yoast.com\/product\/yoast-seo-wordpress\/ -->\n<title>Duo avec Jean-Charles Agou - Emmanuel PiDjob Officiel<\/title>\n<meta name=\"robots\" content=\"index, follow, max-snippet:-1, max-image-preview:large, max-video-preview:-1\" \/>\n<link rel=\"canonical\" href=\"https:\/\/www.emmanuelpidjob.com\/en\/artistic-projects-of-emmanuel-pidjob\/duo-avec-jean-charles-agou\/\" \/>\n<meta property=\"og:locale\" content=\"en_US\" \/>\n<meta property=\"og:type\" content=\"article\" \/>\n<meta property=\"og:title\" content=\"Duo avec Jean-Charles Agou - Emmanuel PiDjob Officiel\" \/>\n<meta property=\"og:description\" content=\"Duo Agou &amp; Pi\u00a0Djob Jazz - Soul - BluesThis duo&#039;s melodies, sometimes longing, sometimes energetic, are amplified by inspiration and improvisation.Two inspired artists come together. Mediterranean jazz, blues and soul in a melodic, captivating concert. In 2016, multi-instrumentalist Jean-Charles Agou invited artist Emmanuel Pi Djob to create a duo as part of the 10th N\u00eemes [&hellip;]\" \/>\n<meta property=\"og:url\" content=\"https:\/\/www.emmanuelpidjob.com\/en\/artistic-projects-of-emmanuel-pidjob\/duo-avec-jean-charles-agou\/\" \/>\n<meta property=\"og:site_name\" content=\"Emmanuel PiDjob Officiel\" \/>\n<meta property=\"article:publisher\" content=\"https:\/\/www.facebook.com\/EmmanuelPiDjobOfficiel\/\" \/>\n<meta property=\"article:modified_time\" content=\"2025-02-19T18:13:23+00:00\" \/>\n<meta property=\"og:image\" content=\"https:\/\/i0.wp.com\/www.emmanuelpidjob.com\/wp-content\/uploads\/2024\/02\/Emmanuel-Pi-Djob-par-Picteos.jpg?fit=1200%2C675&ssl=1\" \/>\n\t<meta property=\"og:image:width\" content=\"1200\" \/>\n\t<meta property=\"og:image:height\" content=\"675\" \/>\n\t<meta property=\"og:image:type\" content=\"image\/jpeg\" \/>\n<meta name=\"twitter:card\" content=\"summary_large_image\" \/>\n<meta name=\"twitter:site\" content=\"@PiDjobOfficiel\" \/>\n<meta name=\"twitter:label1\" content=\"Est. reading time\" \/>\n\t<meta name=\"twitter:data1\" content=\"1 minute\" \/>\n<script type=\"application\/ld+json\" class=\"yoast-schema-graph\">{\"@context\":\"https:\\\/\\\/schema.org\",\"@graph\":[{\"@type\":\"WebPage\",\"@id\":\"https:\\\/\\\/www.emmanuelpidjob.com\\\/en\\\/artistic-projects-of-emmanuel-pidjob\\\/duo-avec-jean-charles-agou\\\/\",\"url\":\"https:\\\/\\\/www.emmanuelpidjob.com\\\/en\\\/artistic-projects-of-emmanuel-pidjob\\\/duo-avec-jean-charles-agou\\\/\",\"name\":\"Duo avec Jean-Charles Agou - Emmanuel PiDjob Officiel\",\"isPartOf\":{\"@id\":\"https:\\\/\\\/www.emmanuelpidjob.com\\\/en\\\/#website\"},\"datePublished\":\"2023-12-06T09:42:29+00:00\",\"dateModified\":\"2025-02-19T18:13:23+00:00\",\"breadcrumb\":{\"@id\":\"https:\\\/\\\/www.emmanuelpidjob.com\\\/en\\\/artistic-projects-of-emmanuel-pidjob\\\/duo-avec-jean-charles-agou\\\/#breadcrumb\"},\"inLanguage\":\"en-US\",\"potentialAction\":[{\"@type\":\"ReadAction\",\"target\":[\"https:\\\/\\\/www.emmanuelpidjob.com\\\/en\\\/artistic-projects-of-emmanuel-pidjob\\\/duo-avec-jean-charles-agou\\\/\"]}]},{\"@type\":\"BreadcrumbList\",\"@id\":\"https:\\\/\\\/www.emmanuelpidjob.com\\\/en\\\/artistic-projects-of-emmanuel-pidjob\\\/duo-avec-jean-charles-agou\\\/#breadcrumb\",\"itemListElement\":[{\"@type\":\"ListItem\",\"position\":1,\"name\":\"Accueil\",\"item\":\"https:\\\/\\\/www.emmanuelpidjob.com\\\/en\\\/\"},{\"@type\":\"ListItem\",\"position\":2,\"name\":\"Artistic Projects of Emmanuel PiDjob\",\"item\":\"https:\\\/\\\/www.emmanuelpidjob.com\\\/en\\\/artistic-projects-of-emmanuel-pidjob\\\/\"},{\"@type\":\"ListItem\",\"position\":3,\"name\":\"Duo avec Jean-Charles Agou\"}]},{\"@type\":\"WebSite\",\"@id\":\"https:\\\/\\\/www.emmanuelpidjob.com\\\/en\\\/#website\",\"url\":\"https:\\\/\\\/www.emmanuelpidjob.com\\\/en\\\/\",\"name\":\"Emmanuel Pi Djob Officiel\",\"description\":\"Le site Internet officiel de l&#039;artiste Emmanuel Pi Djob\",\"publisher\":{\"@id\":\"https:\\\/\\\/www.emmanuelpidjob.com\\\/en\\\/#organization\"},\"alternateName\":\"Site Internet Emmanuel Pi Djob\",\"potentialAction\":[{\"@type\":\"SearchAction\",\"target\":{\"@type\":\"EntryPoint\",\"urlTemplate\":\"https:\\\/\\\/www.emmanuelpidjob.com\\\/en\\\/?s={search_term_string}\"},\"query-input\":{\"@type\":\"PropertyValueSpecification\",\"valueRequired\":true,\"valueName\":\"search_term_string\"}}],\"inLanguage\":\"en-US\"},{\"@type\":\"Organization\",\"@id\":\"https:\\\/\\\/www.emmanuelpidjob.com\\\/en\\\/#organization\",\"name\":\"Emmanuel PiDjob Officiel\",\"alternateName\":\"Pi Djob\",\"url\":\"https:\\\/\\\/www.emmanuelpidjob.com\\\/en\\\/\",\"logo\":{\"@type\":\"ImageObject\",\"inLanguage\":\"en-US\",\"@id\":\"https:\\\/\\\/www.emmanuelpidjob.com\\\/en\\\/#\\\/schema\\\/logo\\\/image\\\/\",\"url\":\"https:\\\/\\\/www.emmanuelpidjob.com\\\/wp-content\\\/uploads\\\/2023\\\/06\\\/logo-temporaire-emmanueldjob-fonce.png\",\"contentUrl\":\"https:\\\/\\\/www.emmanuelpidjob.com\\\/wp-content\\\/uploads\\\/2023\\\/06\\\/logo-temporaire-emmanueldjob-fonce.png\",\"width\":455,\"height\":211,\"caption\":\"Emmanuel PiDjob Officiel\"},\"image\":{\"@id\":\"https:\\\/\\\/www.emmanuelpidjob.com\\\/en\\\/#\\\/schema\\\/logo\\\/image\\\/\"},\"sameAs\":[\"https:\\\/\\\/www.facebook.com\\\/EmmanuelPiDjobOfficiel\\\/\",\"https:\\\/\\\/x.com\\\/PiDjobOfficiel\",\"https:\\\/\\\/www.instagram.com\\\/emmanuelpidjob\\\/\"]}]}<\/script>\n<!-- \/ Yoast SEO plugin. -->","yoast_head_json":{"title":"Duo avec Jean-Charles Agou - Emmanuel PiDjob Officiel","robots":{"index":"index","follow":"follow","max-snippet":"max-snippet:-1","max-image-preview":"max-image-preview:large","max-video-preview":"max-video-preview:-1"},"canonical":"https:\/\/www.emmanuelpidjob.com\/en\/artistic-projects-of-emmanuel-pidjob\/duo-avec-jean-charles-agou\/","og_locale":"en_US","og_type":"article","og_title":"Duo avec Jean-Charles Agou - Emmanuel PiDjob Officiel","og_description":"Duo Agou &amp; Pi\u00a0Djob Jazz - Soul - BluesThis duo's melodies, sometimes longing, sometimes energetic, are amplified by inspiration and improvisation.Two inspired artists come together. Mediterranean jazz, blues and soul in a melodic, captivating concert. In 2016, multi-instrumentalist Jean-Charles Agou invited artist Emmanuel Pi Djob to create a duo as part of the 10th N\u00eemes [&hellip;]","og_url":"https:\/\/www.emmanuelpidjob.com\/en\/artistic-projects-of-emmanuel-pidjob\/duo-avec-jean-charles-agou\/","og_site_name":"Emmanuel PiDjob Officiel","article_publisher":"https:\/\/www.facebook.com\/EmmanuelPiDjobOfficiel\/","article_modified_time":"2025-02-19T18:13:23+00:00","og_image":[{"width":1200,"height":675,"url":"https:\/\/i0.wp.com\/www.emmanuelpidjob.com\/wp-content\/uploads\/2024\/02\/Emmanuel-Pi-Djob-par-Picteos.jpg?fit=1200%2C675&ssl=1","type":"image\/jpeg"}],"twitter_card":"summary_large_image","twitter_site":"@PiDjobOfficiel","twitter_misc":{"Est. reading time":"1 minute"},"schema":{"@context":"https:\/\/schema.org","@graph":[{"@type":"WebPage","@id":"https:\/\/www.emmanuelpidjob.com\/en\/artistic-projects-of-emmanuel-pidjob\/duo-avec-jean-charles-agou\/","url":"https:\/\/www.emmanuelpidjob.com\/en\/artistic-projects-of-emmanuel-pidjob\/duo-avec-jean-charles-agou\/","name":"Duo avec Jean-Charles Agou - Emmanuel PiDjob Officiel","isPartOf":{"@id":"https:\/\/www.emmanuelpidjob.com\/en\/#website"},"datePublished":"2023-12-06T09:42:29+00:00","dateModified":"2025-02-19T18:13:23+00:00","breadcrumb":{"@id":"https:\/\/www.emmanuelpidjob.com\/en\/artistic-projects-of-emmanuel-pidjob\/duo-avec-jean-charles-agou\/#breadcrumb"},"inLanguage":"en-US","potentialAction":[{"@type":"ReadAction","target":["https:\/\/www.emmanuelpidjob.com\/en\/artistic-projects-of-emmanuel-pidjob\/duo-avec-jean-charles-agou\/"]}]},{"@type":"BreadcrumbList","@id":"https:\/\/www.emmanuelpidjob.com\/en\/artistic-projects-of-emmanuel-pidjob\/duo-avec-jean-charles-agou\/#breadcrumb","itemListElement":[{"@type":"ListItem","position":1,"name":"Accueil","item":"https:\/\/www.emmanuelpidjob.com\/en\/"},{"@type":"ListItem","position":2,"name":"Artistic Projects of Emmanuel PiDjob","item":"https:\/\/www.emmanuelpidjob.com\/en\/artistic-projects-of-emmanuel-pidjob\/"},{"@type":"ListItem","position":3,"name":"Duo avec Jean-Charles Agou"}]},{"@type":"WebSite","@id":"https:\/\/www.emmanuelpidjob.com\/en\/#website","url":"https:\/\/www.emmanuelpidjob.com\/en\/","name":"Emmanuel Pi Djob Officiel","description":"Le site Internet officiel de l&#039;artiste Emmanuel Pi Djob","publisher":{"@id":"https:\/\/www.emmanuelpidjob.com\/en\/#organization"},"alternateName":"Site Internet Emmanuel Pi Djob","potentialAction":[{"@type":"SearchAction","target":{"@type":"EntryPoint","urlTemplate":"https:\/\/www.emmanuelpidjob.com\/en\/?s={search_term_string}"},"query-input":{"@type":"PropertyValueSpecification","valueRequired":true,"valueName":"search_term_string"}}],"inLanguage":"en-US"},{"@type":"Organization","@id":"https:\/\/www.emmanuelpidjob.com\/en\/#organization","name":"Emmanuel PiDjob Officiel","alternateName":"Pi Djob","url":"https:\/\/www.emmanuelpidjob.com\/en\/","logo":{"@type":"ImageObject","inLanguage":"en-US","@id":"https:\/\/www.emmanuelpidjob.com\/en\/#\/schema\/logo\/image\/","url":"https:\/\/www.emmanuelpidjob.com\/wp-content\/uploads\/2023\/06\/logo-temporaire-emmanueldjob-fonce.png","contentUrl":"https:\/\/www.emmanuelpidjob.com\/wp-content\/uploads\/2023\/06\/logo-temporaire-emmanueldjob-fonce.png","width":455,"height":211,"caption":"Emmanuel PiDjob Officiel"},"image":{"@id":"https:\/\/www.emmanuelpidjob.com\/en\/#\/schema\/logo\/image\/"},"sameAs":["https:\/\/www.facebook.com\/EmmanuelPiDjobOfficiel\/","https:\/\/x.com\/PiDjobOfficiel","https:\/\/www.instagram.com\/emmanuelpidjob\/"]}]}},"jetpack_sharing_enabled":true,"_links":{"self":[{"href":"https:\/\/www.emmanuelpidjob.com\/en\/wp-json\/wp\/v2\/pages\/3130","targetHints":{"allow":["GET"]}}],"collection":[{"href":"https:\/\/www.emmanuelpidjob.com\/en\/wp-json\/wp\/v2\/pages"}],"about":[{"href":"https:\/\/www.emmanuelpidjob.com\/en\/wp-json\/wp\/v2\/types\/page"}],"author":[{"embeddable":true,"href":"https:\/\/www.emmanuelpidjob.com\/en\/wp-json\/wp\/v2\/users\/1"}],"replies":[{"embeddable":true,"href":"https:\/\/www.emmanuelpidjob.com\/en\/wp-json\/wp\/v2\/comments?post=3130"}],"version-history":[{"count":1,"href":"https:\/\/www.emmanuelpidjob.com\/en\/wp-json\/wp\/v2\/pages\/3130\/revisions"}],"predecessor-version":[{"id":3344,"href":"https:\/\/www.emmanuelpidjob.com\/en\/wp-json\/wp\/v2\/pages\/3130\/revisions\/3344"}],"up":[{"embeddable":true,"href":"https:\/\/www.emmanuelpidjob.com\/en\/wp-json\/wp\/v2\/pages\/2387"}],"wp:attachment":[{"href":"https:\/\/www.emmanuelpidjob.com\/en\/wp-json\/wp\/v2\/media?parent=3130"}],"curies":[{"name":"wp","href":"https:\/\/api.w.org\/{rel}","templated":true}]}}