{"id":3137,"date":"2023-12-06T10:37:50","date_gmt":"2023-12-06T09:37:50","guid":{"rendered":"https:\/\/www.emmanuelpidjob.com\/artistic-projects-of-emmanuel-pidjob\/feelins9\/"},"modified":"2025-03-05T18:21:54","modified_gmt":"2025-03-05T17:21:54","slug":"feelins9","status":"publish","type":"page","link":"https:\/\/www.emmanuelpidjob.com\/en\/artistic-projects-of-emmanuel-pidjob\/feelins9\/","title":{"rendered":"Feelin\u2019s9"},"content":{"rendered":"<p>[et_pb_section fb_built=&#8221;1&#8243; _builder_version=&#8221;4.23.4&#8243; _module_preset=&#8221;default&#8221; custom_padding=&#8221;40px||0px|||&#8221; global_colors_info=&#8221;{}&#8221;][et_pb_row _builder_version=&#8221;4.23.4&#8243; _module_preset=&#8221;default&#8221; global_colors_info=&#8221;{}&#8221;][et_pb_column type=&#8221;4_4&#8243; _builder_version=&#8221;4.23.4&#8243; _module_preset=&#8221;default&#8221; global_colors_info=&#8221;{}&#8221;][et_pb_text _builder_version=&#8221;4.24.0&#8243; _module_preset=&#8221;default&#8221; text_font_size=&#8221;25px&#8221; header_2_font=&#8221;|700|||||||&#8221; header_2_line_height=&#8221;1.1em&#8221; background_image=&#8221;https:\/\/www.emmanuelpidjob.com\/wp-content\/uploads\/2023\/06\/background-brush-1.png&#8221; background_size=&#8221;contain&#8221; text_orientation=&#8221;center&#8221; custom_margin=&#8221;||16px|||&#8221; custom_padding=&#8221;3px||0px||false|false&#8221; locked=&#8221;off&#8221; global_colors_info=&#8221;{}&#8221;]<\/p>\n<h2>Feelin\u2019s9<\/h2>\n<p>[\/et_pb_text][et_pb_text _builder_version=&#8221;4.27.4&#8243; _module_preset=&#8221;default&#8221; text_font_size=&#8221;25px&#8221; header_2_font=&#8221;|700|||||||&#8221; header_2_line_height=&#8221;1.1em&#8221; background_enable_image=&#8221;off&#8221; background_size=&#8221;contain&#8221; text_orientation=&#8221;center&#8221; custom_padding=&#8221;||12px||false|false&#8221; hover_enabled=&#8221;0&#8243; locked=&#8221;off&#8221; global_colors_info=&#8221;{}&#8221; sticky_enabled=&#8221;0&#8243;]<\/p>\n<p><strong>9 a cappella voices<\/strong>, performing <strong>music for the soul<\/strong>.<\/p>\n<p>[\/et_pb_text][\/et_pb_column][\/et_pb_row][\/et_pb_section][et_pb_section fb_built=&#8221;1&#8243; fullwidth=&#8221;on&#8221; _builder_version=&#8221;4.23.4&#8243; _module_preset=&#8221;default&#8221; global_colors_info=&#8221;{}&#8221;][et_pb_fullwidth_image src=&#8221;https:\/\/www.emmanuelpidjob.com\/wp-content\/uploads\/2024\/01\/Feelins9-Bertrand-Gattegno-2.jpg&#8221; title_text=&#8221;Feelins9 Bertrand Gattegno &#8211; 2&#8243; _builder_version=&#8221;4.23.4&#8243; _module_preset=&#8221;default&#8221; global_colors_info=&#8221;{}&#8221;][\/et_pb_fullwidth_image][\/et_pb_section][et_pb_section fb_built=&#8221;1&#8243; _builder_version=&#8221;4.23.4&#8243; _module_preset=&#8221;default&#8221; custom_padding=&#8221;||0px|||&#8221; global_colors_info=&#8221;{}&#8221;][et_pb_row _builder_version=&#8221;4.23.4&#8243; _module_preset=&#8221;default&#8221; global_colors_info=&#8221;{}&#8221;][et_pb_column type=&#8221;4_4&#8243; _builder_version=&#8221;4.23.4&#8243; _module_preset=&#8221;default&#8221; global_colors_info=&#8221;{}&#8221;][et_pb_text _builder_version=&#8221;4.27.4&#8243; _module_preset=&#8221;default&#8221; text_font_size=&#8221;20px&#8221; text_line_height=&#8221;1.8em&#8221; text_orientation=&#8221;center&#8221; hover_enabled=&#8221;0&#8243; global_colors_info=&#8221;{}&#8221; sticky_enabled=&#8221;0&#8243;]<\/p>\n<p>They could just sing.<br \/><strong>But they chose to vibrate, to give free expression to their inner selves, their very essence, to unite and come together in a single breath of abandon.<\/strong><\/p>\n<p>They could just sing.<br \/><strong>But they transmit, they offer themselves, they make themselves available, opening up new possibilities.<\/strong><\/p>\n<p>[\/et_pb_text][\/et_pb_column][\/et_pb_row][\/et_pb_section][et_pb_section fb_built=&#8221;1&#8243; _builder_version=&#8221;4.23.4&#8243; _module_preset=&#8221;default&#8221; custom_padding=&#8221;0px||50px|||&#8221; global_colors_info=&#8221;{}&#8221;][et_pb_row column_structure=&#8221;1_2,1_2&#8243; use_custom_gutter=&#8221;on&#8221; gutter_width=&#8221;2&#8243; _builder_version=&#8221;4.23.4&#8243; _module_preset=&#8221;default&#8221; width=&#8221;90%&#8221; custom_padding=&#8221;||0px|||&#8221; global_colors_info=&#8221;{}&#8221;][et_pb_column type=&#8221;1_2&#8243; _builder_version=&#8221;4.23.4&#8243; _module_preset=&#8221;default&#8221; global_colors_info=&#8221;{}&#8221;][et_pb_image src=&#8221;https:\/\/www.emmanuelpidjob.com\/wp-content\/uploads\/2023\/11\/VISUEL-WEB-CARRE-FEELINS-2023.jpg&#8221; title_text=&#8221;VISUEL WEB CARRE\u0301 FEELINS 2023&#8243; _builder_version=&#8221;4.23.4&#8243; _module_preset=&#8221;default&#8221; transform_scale_last_edited=&#8221;off|desktop&#8221; transform_translate_tablet=&#8221;0px|0px&#8221; transform_translate_phone=&#8221;0px|0px&#8221; transform_translate_last_edited=&#8221;off|desktop&#8221; transform_translate_linked_tablet=&#8221;off&#8221; transform_rotate_last_edited=&#8221;off|desktop&#8221; transform_skew_last_edited=&#8221;off|desktop&#8221; transform_origin_last_edited=&#8221;off|desktop&#8221; transform_styles_last_edited=&#8221;off|desktop&#8221; global_colors_info=&#8221;{}&#8221;][\/et_pb_image][\/et_pb_column][et_pb_column type=&#8221;1_2&#8243; _builder_version=&#8221;4.23.4&#8243; _module_preset=&#8221;default&#8221; global_colors_info=&#8221;{}&#8221;][et_pb_text _builder_version=&#8221;4.27.4&#8243; _module_preset=&#8221;default&#8221; text_orientation=&#8221;justified&#8221; hover_enabled=&#8221;0&#8243; global_colors_info=&#8221;{}&#8221; sticky_enabled=&#8221;0&#8243;]<\/p>\n<p><strong>\u2018Messengers, bearers of life\u2019&#8230; they are above all WOMEN, each one unique and different&#8230;<\/strong><\/p>\n<p>Their origins, from Europe, North Africa, Sub-Saharan Africa or the diaspora, <strong>intersect and intertwine in a way that allows their individuality to emerge<\/strong>.<\/p>\n<p>They could have limited themselves to singing&#8230; They <strong>invite you to share and exchange<\/strong>, before or after each of their performances, to discover more than just the music, more than just a group, <strong>human beings meeting other human beings<\/strong>.<\/p>\n<p>9 a cappella voices, performing music for the soul.<\/p>\n<p>Whatever the style, from <strong>gospel songs<\/strong> to a <strong>French Nativity carol<\/strong>, including powerful <strong>traditional songs<\/strong> in which the secular harmoniously blends with the sacred, they always express their truth with <strong>authenticity, emotion and sincerity<\/strong>.<\/p>\n<p>Featuring an original repertoire and <strong>Emmanuel PiDjob&#8217;s<\/strong> wide range of compositions and arrangements, let <strong>FEELIN&#8217;S9&#8217;s voices<\/strong> immerse you in the heart of femininity in plural&#8230;<\/p>\n<p>[\/et_pb_text][et_pb_button button_url=&#8221;https:\/\/www.youtube.com\/channel\/UCzXodUfQtm8vRS67zsgdqpQ&#8221; url_new_window=&#8221;on&#8221; button_text=&#8221;Youtube&#8221; disabled_on=&#8221;off|off|off&#8221; _builder_version=&#8221;4.24.0&#8243; _module_preset=&#8221;default&#8221; custom_button=&#8221;on&#8221; button_text_size=&#8221;13px&#8221; button_border_radius=&#8221;6px&#8221; button_font=&#8221;|600|||||||&#8221; button_icon=&#8221;&#xe0a3;||divi||400&#8243; button_icon_color=&#8221;#EED89A&#8221; button_on_hover=&#8221;off&#8221; custom_margin=&#8221;||10px||false|false&#8221; custom_padding=&#8221;2px||2px||true|false&#8221; locked=&#8221;off&#8221; global_colors_info=&#8221;{}&#8221;][\/et_pb_button][et_pb_button button_url=&#8221;https:\/\/www.facebook.com\/Feelins9&#8243; url_new_window=&#8221;on&#8221; button_text=&#8221;Facebook&#8221; disabled_on=&#8221;off|off|off&#8221; _builder_version=&#8221;4.24.0&#8243; _module_preset=&#8221;default&#8221; custom_button=&#8221;on&#8221; button_text_size=&#8221;13px&#8221; button_border_radius=&#8221;6px&#8221; button_font=&#8221;|600|||||||&#8221; button_icon=&#8221;&#xe093;||divi||400&#8243; button_icon_color=&#8221;#EED89A&#8221; button_on_hover=&#8221;off&#8221; custom_margin=&#8221;||10px||false|false&#8221; custom_padding=&#8221;2px||2px||true|false&#8221; locked=&#8221;off&#8221; global_colors_info=&#8221;{}&#8221;][\/et_pb_button][et_pb_button button_url=&#8221;https:\/\/www.instagram.com\/feelins9\/&#8221; url_new_window=&#8221;on&#8221; button_text=&#8221;Instagram&#8221; disabled_on=&#8221;off|off|off&#8221; _builder_version=&#8221;4.24.0&#8243; _module_preset=&#8221;default&#8221; custom_button=&#8221;on&#8221; button_text_size=&#8221;13px&#8221; button_border_radius=&#8221;6px&#8221; button_font=&#8221;|600|||||||&#8221; button_icon=&#8221;&#xf16d;||fa||400&#8243; button_icon_color=&#8221;#EED89A&#8221; button_on_hover=&#8221;off&#8221; custom_margin=&#8221;||10px||false|false&#8221; custom_padding=&#8221;2px||2px||true|false&#8221; locked=&#8221;off&#8221; global_colors_info=&#8221;{}&#8221;][\/et_pb_button][\/et_pb_column][\/et_pb_row][\/et_pb_section][et_pb_section fb_built=&#8221;1&#8243; _builder_version=&#8221;4.23.4&#8243; _module_preset=&#8221;default&#8221; background_color=&#8221;#3B2623&#8243; custom_padding=&#8221;30px||40px||false|false&#8221; global_colors_info=&#8221;{}&#8221;][et_pb_row _builder_version=&#8221;4.23.1&#8243; _module_preset=&#8221;default&#8221; global_colors_info=&#8221;{}&#8221;][et_pb_column type=&#8221;4_4&#8243; _builder_version=&#8221;4.21.0&#8243; _module_preset=&#8221;default&#8221; global_colors_info=&#8221;{}&#8221;][et_pb_text _builder_version=&#8221;4.27.4&#8243; _module_preset=&#8221;default&#8221; text_font_size=&#8221;25px&#8221; header_2_font=&#8221;|700|||||||&#8221; header_2_line_height=&#8221;1.1em&#8221; background_image=&#8221;https:\/\/www.emmanuelpidjob.com\/wp-content\/uploads\/2023\/06\/background-brush-1.png&#8221; background_size=&#8221;contain&#8221; text_orientation=&#8221;center&#8221; background_layout=&#8221;dark&#8221; custom_padding=&#8221;0px||0px||false|false&#8221; hover_enabled=&#8221;0&#8243; global_colors_info=&#8221;{}&#8221; sticky_enabled=&#8221;0&#8243;]<\/p>\n<h2>Video playlist<\/h2>\n<p>[\/et_pb_text][\/et_pb_column][\/et_pb_row][et_pb_row use_custom_gutter=&#8221;on&#8221; gutter_width=&#8221;2&#8243; _builder_version=&#8221;4.23.4&#8243; _module_preset=&#8221;default&#8221; width=&#8221;90%&#8221; max_width=&#8221;100%&#8221; global_colors_info=&#8221;{}&#8221;][et_pb_column type=&#8221;4_4&#8243; _builder_version=&#8221;4.23.4&#8243; _module_preset=&#8221;default&#8221; global_colors_info=&#8221;{}&#8221;][et_pb_video src=&#8221;https:\/\/youtube.com\/playlist?list=PLygrZVLakopleMIoUr7Nbbbi6AeT4_ocv&#8221; _builder_version=&#8221;4.23.4&#8243; _module_preset=&#8221;default&#8221; module_alignment=&#8221;center&#8221; custom_margin=&#8221;||11px|||&#8221; global_colors_info=&#8221;{}&#8221;][\/et_pb_video][\/et_pb_column][\/et_pb_row][\/et_pb_section][et_pb_section fb_built=&#8221;1&#8243; _builder_version=&#8221;4.24.0&#8243; _module_preset=&#8221;default&#8221; background_color=&#8221;rgba(238,216,154,0.3)&#8221; custom_padding=&#8221;||40px|||&#8221; global_colors_info=&#8221;{}&#8221;][et_pb_row _builder_version=&#8221;4.23.4&#8243; _module_preset=&#8221;default&#8221; custom_padding=&#8221;0px|||||&#8221; global_colors_info=&#8221;{}&#8221;][et_pb_column type=&#8221;4_4&#8243; _builder_version=&#8221;4.23.4&#8243; _module_preset=&#8221;default&#8221; global_colors_info=&#8221;{}&#8221;][et_pb_text _builder_version=&#8221;4.27.4&#8243; _module_preset=&#8221;default&#8221; text_font=&#8221;||||||||&#8221; text_font_size=&#8221;30px&#8221; text_line_height=&#8221;1.8em&#8221; text_orientation=&#8221;center&#8221; custom_margin=&#8221;||6px|||&#8221; hover_enabled=&#8221;0&#8243; global_colors_info=&#8221;{}&#8221; sticky_enabled=&#8221;0&#8243;]<\/p>\n<p><strong>A project<\/strong> supported by <strong>Epimuzik<\/strong><\/p>\n<p>[\/et_pb_text][et_pb_image src=&#8221;https:\/\/www.emmanuelpidjob.com\/wp-content\/uploads\/2023\/12\/EPIMUZIK-LOGO-2023-OK-300&#215;148.png&#8221; title_text=&#8221;EPIMUZIK LOGO 2023 OK&#8221; align=&#8221;center&#8221; _builder_version=&#8221;4.27.4&#8243; _module_preset=&#8221;default&#8221; max_width=&#8221;150px&#8221; hover_enabled=&#8221;0&#8243; global_colors_info=&#8221;{}&#8221; sticky_enabled=&#8221;0&#8243;][\/et_pb_image][\/et_pb_column][\/et_pb_row][\/et_pb_section]<\/p>\n","protected":false},"excerpt":{"rendered":"<p>Feelin\u2019s99 a cappella voices, performing music for the soul.They could just sing.But they chose to vibrate, to give free expression to their inner selves, their very essence, to unite and come together in a single breath of abandon. They could just sing.But they transmit, they offer themselves, they make themselves available, opening up new possibilities.\u2018Messengers, [&hellip;]<\/p>\n","protected":false},"author":1,"featured_media":0,"parent":2387,"menu_order":0,"comment_status":"closed","ping_status":"closed","template":"","meta":{"_et_pb_use_builder":"on","_et_pb_old_content":"<!-- wp:heading {\"level\":3} -->\n<h3 class=\"wp-block-heading\">Feelin\u2019s9<\/h3>\n<!-- \/wp:heading -->\n\n<!-- wp:paragraph -->\n<p>Elles auraient pu juste chanter...Elles ont choisi de vibrer, laisser libre cours \u00e0 leur \u00eatre int\u00e9rieur, leur essence propre pour s'unir se r\u00e9unir dans un seul et m\u00eame souffle d'abandon.<br>Elles auraient pu simplement chanter... Elles&nbsp; transmettent, s'offrent, se donnent pour ouvrir un champ de possibles..<\/p>\n<!-- \/wp:paragraph -->\n\n<!-- wp:paragraph -->\n<p>\u00ab Messag\u00e8res, \u2026 \u00abpasseuses de vie\u00bb\u2026 elles sont avant tout FEMMES, chacune dans sa singularit\u00e9 et sa diff\u00e9rence...<\/p>\n<!-- \/wp:paragraph -->\n\n<!-- wp:paragraph -->\n<p>Les origines, de l\u2019Europe, du Maghreb, de l\u2019Afrique Subsaharienne ou diasporique, se croisent et s\u2019entrem\u00ealent, en un tissage qui laisse \u00e9merger les individualit\u00e9s.<\/p>\n<!-- \/wp:paragraph -->\n\n<!-- wp:paragraph -->\n<p>Elles auraient pu se limiter \u00e0 chanter\u2026 Elles vous invitent \u00e0 partager et \u00e9changer, avant ou apr\u00e8s chacune de leurs repr\u00e9sentations, pour d\u00e9couvrir davantage que la musique, davantage qu\u2019un groupe, des humaines \u00e0 la rencontre d\u2019autres humain-e-s<\/p>\n<!-- \/wp:paragraph -->\n\n<!-- wp:paragraph -->\n<p>9 voix a capella, au service d'une musique de l'\u00e2me.&nbsp;<\/p>\n<!-- \/wp:paragraph -->\n\n<!-- wp:paragraph -->\n<p>Qu'importe le style, du gospel song, \u00e0 un chant de la Nativit\u00e9 en fran\u00e7ais, en passant par la profondeur des chants traditionnels o\u00f9 le profane rejoint harmonieusement le sacr\u00e9, c'est toujours leur v\u00e9rit\u00e9 qui s'exprime avec authenticit\u00e9, \u00e9motion et sinc\u00e9rit\u00e9.<\/p>\n<!-- \/wp:paragraph -->\n\n<!-- wp:paragraph -->\n<p>Port\u00e9es par un r\u00e9pertoire original et la richesse des compositions et arrangements d'Emmanuel PI DJOB, laissez vous impr\u00e9gner par les voix de FEELIN'S9, au c\u0153ur du F\u00e9minin Pluriel\u2026<\/p>\n<!-- \/wp:paragraph -->\n\n<!-- wp:paragraph -->\n<p>Un projet soutenu par EPIMUZIK.<\/p>\n<!-- \/wp:paragraph -->\n\n<!-- wp:heading {\"level\":4} -->\n<h4 class=\"wp-block-heading\">Vid\u00e9os<\/h4>\n<!-- \/wp:heading -->\n\n<!-- wp:paragraph -->\n<p>playlist <a href=\"https:\/\/youtube.com\/playlist?list=PLygrZVLakopleMIoUr7Nbbbi6AeT4_ocv\">https:\/\/youtube.com\/playlist?list=PLygrZVLakopleMIoUr7Nbbbi6AeT4_ocv<\/a><\/p>\n<!-- \/wp:paragraph -->\n\n<!-- wp:heading {\"level\":4} -->\n<h4 class=\"wp-block-heading\">R\u00e9seaux sociaux<\/h4>\n<!-- \/wp:heading -->\n\n<!-- wp:embed {\"url\":\"https:\/\/www.youtube.com\/channel\/UCzXodUfQtm8vRS67zsgdqpQ\"} -->\n<figure class=\"wp-block-embed\"><div class=\"wp-block-embed__wrapper\">\nhttps:\/\/www.youtube.com\/channel\/UCzXodUfQtm8vRS67zsgdqpQ\n<\/div><\/figure>\n<!-- \/wp:embed -->\n\n<!-- wp:embed {\"url\":\"https:\/\/www.facebook.com\/Feelins9\"} -->\n<figure class=\"wp-block-embed\"><div class=\"wp-block-embed__wrapper\">\nhttps:\/\/www.facebook.com\/Feelins9\n<\/div><\/figure>\n<!-- \/wp:embed -->\n\n<!-- wp:embed {\"url\":\"https:\/\/www.instagram.com\/feelins9\/\"} -->\n<figure class=\"wp-block-embed\"><div class=\"wp-block-embed__wrapper\">\nhttps:\/\/www.instagram.com\/feelins9\/\n<\/div><\/figure>\n<!-- \/wp:embed -->","_et_gb_content_width":"1080","footnotes":""},"class_list":["post-3137","page","type-page","status-publish","hentry"],"yoast_head":"<!-- This site is optimized with the Yoast SEO plugin v27.6 - https:\/\/yoast.com\/product\/yoast-seo-wordpress\/ -->\n<title>Feelin\u2019s9 - Emmanuel PiDjob Officiel<\/title>\n<meta name=\"robots\" content=\"index, follow, max-snippet:-1, max-image-preview:large, max-video-preview:-1\" \/>\n<link rel=\"canonical\" href=\"https:\/\/www.emmanuelpidjob.com\/en\/artistic-projects-of-emmanuel-pidjob\/feelins9\/\" \/>\n<meta property=\"og:locale\" content=\"en_US\" \/>\n<meta property=\"og:type\" content=\"article\" \/>\n<meta property=\"og:title\" content=\"Feelin\u2019s9 - Emmanuel PiDjob Officiel\" \/>\n<meta property=\"og:description\" content=\"Feelin\u2019s99 a cappella voices, performing music for the soul.They could just sing.But they chose to vibrate, to give free expression to their inner selves, their very essence, to unite and come together in a single breath of abandon. They could just sing.But they transmit, they offer themselves, they make themselves available, opening up new possibilities.\u2018Messengers, [&hellip;]\" \/>\n<meta property=\"og:url\" content=\"https:\/\/www.emmanuelpidjob.com\/en\/artistic-projects-of-emmanuel-pidjob\/feelins9\/\" \/>\n<meta property=\"og:site_name\" content=\"Emmanuel PiDjob Officiel\" \/>\n<meta property=\"article:publisher\" content=\"https:\/\/www.facebook.com\/EmmanuelPiDjobOfficiel\/\" \/>\n<meta property=\"article:modified_time\" content=\"2025-03-05T17:21:54+00:00\" \/>\n<meta property=\"og:image\" content=\"https:\/\/i0.wp.com\/www.emmanuelpidjob.com\/wp-content\/uploads\/2024\/02\/Emmanuel-Pi-Djob-par-Picteos.jpg?fit=1200%2C675&ssl=1\" \/>\n\t<meta property=\"og:image:width\" content=\"1200\" \/>\n\t<meta property=\"og:image:height\" content=\"675\" \/>\n\t<meta property=\"og:image:type\" content=\"image\/jpeg\" \/>\n<meta name=\"twitter:card\" content=\"summary_large_image\" \/>\n<meta name=\"twitter:site\" content=\"@PiDjobOfficiel\" \/>\n<meta name=\"twitter:label1\" content=\"Est. reading time\" \/>\n\t<meta name=\"twitter:data1\" content=\"3 minutes\" \/>\n<script type=\"application\/ld+json\" class=\"yoast-schema-graph\">{\"@context\":\"https:\\\/\\\/schema.org\",\"@graph\":[{\"@type\":\"WebPage\",\"@id\":\"https:\\\/\\\/www.emmanuelpidjob.com\\\/en\\\/artistic-projects-of-emmanuel-pidjob\\\/feelins9\\\/\",\"url\":\"https:\\\/\\\/www.emmanuelpidjob.com\\\/en\\\/artistic-projects-of-emmanuel-pidjob\\\/feelins9\\\/\",\"name\":\"Feelin\u2019s9 - Emmanuel PiDjob Officiel\",\"isPartOf\":{\"@id\":\"https:\\\/\\\/www.emmanuelpidjob.com\\\/en\\\/#website\"},\"datePublished\":\"2023-12-06T09:37:50+00:00\",\"dateModified\":\"2025-03-05T17:21:54+00:00\",\"breadcrumb\":{\"@id\":\"https:\\\/\\\/www.emmanuelpidjob.com\\\/en\\\/artistic-projects-of-emmanuel-pidjob\\\/feelins9\\\/#breadcrumb\"},\"inLanguage\":\"en-US\",\"potentialAction\":[{\"@type\":\"ReadAction\",\"target\":[\"https:\\\/\\\/www.emmanuelpidjob.com\\\/en\\\/artistic-projects-of-emmanuel-pidjob\\\/feelins9\\\/\"]}]},{\"@type\":\"BreadcrumbList\",\"@id\":\"https:\\\/\\\/www.emmanuelpidjob.com\\\/en\\\/artistic-projects-of-emmanuel-pidjob\\\/feelins9\\\/#breadcrumb\",\"itemListElement\":[{\"@type\":\"ListItem\",\"position\":1,\"name\":\"Accueil\",\"item\":\"https:\\\/\\\/www.emmanuelpidjob.com\\\/en\\\/\"},{\"@type\":\"ListItem\",\"position\":2,\"name\":\"Artistic Projects of Emmanuel PiDjob\",\"item\":\"https:\\\/\\\/www.emmanuelpidjob.com\\\/en\\\/artistic-projects-of-emmanuel-pidjob\\\/\"},{\"@type\":\"ListItem\",\"position\":3,\"name\":\"Feelin\u2019s9\"}]},{\"@type\":\"WebSite\",\"@id\":\"https:\\\/\\\/www.emmanuelpidjob.com\\\/en\\\/#website\",\"url\":\"https:\\\/\\\/www.emmanuelpidjob.com\\\/en\\\/\",\"name\":\"Emmanuel Pi Djob Officiel\",\"description\":\"Le site Internet officiel de l&#039;artiste Emmanuel Pi Djob\",\"publisher\":{\"@id\":\"https:\\\/\\\/www.emmanuelpidjob.com\\\/en\\\/#organization\"},\"alternateName\":\"Site Internet Emmanuel Pi Djob\",\"potentialAction\":[{\"@type\":\"SearchAction\",\"target\":{\"@type\":\"EntryPoint\",\"urlTemplate\":\"https:\\\/\\\/www.emmanuelpidjob.com\\\/en\\\/?s={search_term_string}\"},\"query-input\":{\"@type\":\"PropertyValueSpecification\",\"valueRequired\":true,\"valueName\":\"search_term_string\"}}],\"inLanguage\":\"en-US\"},{\"@type\":\"Organization\",\"@id\":\"https:\\\/\\\/www.emmanuelpidjob.com\\\/en\\\/#organization\",\"name\":\"Emmanuel PiDjob Officiel\",\"alternateName\":\"Pi Djob\",\"url\":\"https:\\\/\\\/www.emmanuelpidjob.com\\\/en\\\/\",\"logo\":{\"@type\":\"ImageObject\",\"inLanguage\":\"en-US\",\"@id\":\"https:\\\/\\\/www.emmanuelpidjob.com\\\/en\\\/#\\\/schema\\\/logo\\\/image\\\/\",\"url\":\"https:\\\/\\\/www.emmanuelpidjob.com\\\/wp-content\\\/uploads\\\/2023\\\/06\\\/logo-temporaire-emmanueldjob-fonce.png\",\"contentUrl\":\"https:\\\/\\\/www.emmanuelpidjob.com\\\/wp-content\\\/uploads\\\/2023\\\/06\\\/logo-temporaire-emmanueldjob-fonce.png\",\"width\":455,\"height\":211,\"caption\":\"Emmanuel PiDjob Officiel\"},\"image\":{\"@id\":\"https:\\\/\\\/www.emmanuelpidjob.com\\\/en\\\/#\\\/schema\\\/logo\\\/image\\\/\"},\"sameAs\":[\"https:\\\/\\\/www.facebook.com\\\/EmmanuelPiDjobOfficiel\\\/\",\"https:\\\/\\\/x.com\\\/PiDjobOfficiel\",\"https:\\\/\\\/www.instagram.com\\\/emmanuelpidjob\\\/\"]}]}<\/script>\n<!-- \/ Yoast SEO plugin. -->","yoast_head_json":{"title":"Feelin\u2019s9 - Emmanuel PiDjob Officiel","robots":{"index":"index","follow":"follow","max-snippet":"max-snippet:-1","max-image-preview":"max-image-preview:large","max-video-preview":"max-video-preview:-1"},"canonical":"https:\/\/www.emmanuelpidjob.com\/en\/artistic-projects-of-emmanuel-pidjob\/feelins9\/","og_locale":"en_US","og_type":"article","og_title":"Feelin\u2019s9 - Emmanuel PiDjob Officiel","og_description":"Feelin\u2019s99 a cappella voices, performing music for the soul.They could just sing.But they chose to vibrate, to give free expression to their inner selves, their very essence, to unite and come together in a single breath of abandon. They could just sing.But they transmit, they offer themselves, they make themselves available, opening up new possibilities.\u2018Messengers, [&hellip;]","og_url":"https:\/\/www.emmanuelpidjob.com\/en\/artistic-projects-of-emmanuel-pidjob\/feelins9\/","og_site_name":"Emmanuel PiDjob Officiel","article_publisher":"https:\/\/www.facebook.com\/EmmanuelPiDjobOfficiel\/","article_modified_time":"2025-03-05T17:21:54+00:00","og_image":[{"width":1200,"height":675,"url":"https:\/\/i0.wp.com\/www.emmanuelpidjob.com\/wp-content\/uploads\/2024\/02\/Emmanuel-Pi-Djob-par-Picteos.jpg?fit=1200%2C675&ssl=1","type":"image\/jpeg"}],"twitter_card":"summary_large_image","twitter_site":"@PiDjobOfficiel","twitter_misc":{"Est. reading time":"3 minutes"},"schema":{"@context":"https:\/\/schema.org","@graph":[{"@type":"WebPage","@id":"https:\/\/www.emmanuelpidjob.com\/en\/artistic-projects-of-emmanuel-pidjob\/feelins9\/","url":"https:\/\/www.emmanuelpidjob.com\/en\/artistic-projects-of-emmanuel-pidjob\/feelins9\/","name":"Feelin\u2019s9 - Emmanuel PiDjob Officiel","isPartOf":{"@id":"https:\/\/www.emmanuelpidjob.com\/en\/#website"},"datePublished":"2023-12-06T09:37:50+00:00","dateModified":"2025-03-05T17:21:54+00:00","breadcrumb":{"@id":"https:\/\/www.emmanuelpidjob.com\/en\/artistic-projects-of-emmanuel-pidjob\/feelins9\/#breadcrumb"},"inLanguage":"en-US","potentialAction":[{"@type":"ReadAction","target":["https:\/\/www.emmanuelpidjob.com\/en\/artistic-projects-of-emmanuel-pidjob\/feelins9\/"]}]},{"@type":"BreadcrumbList","@id":"https:\/\/www.emmanuelpidjob.com\/en\/artistic-projects-of-emmanuel-pidjob\/feelins9\/#breadcrumb","itemListElement":[{"@type":"ListItem","position":1,"name":"Accueil","item":"https:\/\/www.emmanuelpidjob.com\/en\/"},{"@type":"ListItem","position":2,"name":"Artistic Projects of Emmanuel PiDjob","item":"https:\/\/www.emmanuelpidjob.com\/en\/artistic-projects-of-emmanuel-pidjob\/"},{"@type":"ListItem","position":3,"name":"Feelin\u2019s9"}]},{"@type":"WebSite","@id":"https:\/\/www.emmanuelpidjob.com\/en\/#website","url":"https:\/\/www.emmanuelpidjob.com\/en\/","name":"Emmanuel Pi Djob Officiel","description":"Le site Internet officiel de l&#039;artiste Emmanuel Pi Djob","publisher":{"@id":"https:\/\/www.emmanuelpidjob.com\/en\/#organization"},"alternateName":"Site Internet Emmanuel Pi Djob","potentialAction":[{"@type":"SearchAction","target":{"@type":"EntryPoint","urlTemplate":"https:\/\/www.emmanuelpidjob.com\/en\/?s={search_term_string}"},"query-input":{"@type":"PropertyValueSpecification","valueRequired":true,"valueName":"search_term_string"}}],"inLanguage":"en-US"},{"@type":"Organization","@id":"https:\/\/www.emmanuelpidjob.com\/en\/#organization","name":"Emmanuel PiDjob Officiel","alternateName":"Pi Djob","url":"https:\/\/www.emmanuelpidjob.com\/en\/","logo":{"@type":"ImageObject","inLanguage":"en-US","@id":"https:\/\/www.emmanuelpidjob.com\/en\/#\/schema\/logo\/image\/","url":"https:\/\/www.emmanuelpidjob.com\/wp-content\/uploads\/2023\/06\/logo-temporaire-emmanueldjob-fonce.png","contentUrl":"https:\/\/www.emmanuelpidjob.com\/wp-content\/uploads\/2023\/06\/logo-temporaire-emmanueldjob-fonce.png","width":455,"height":211,"caption":"Emmanuel PiDjob Officiel"},"image":{"@id":"https:\/\/www.emmanuelpidjob.com\/en\/#\/schema\/logo\/image\/"},"sameAs":["https:\/\/www.facebook.com\/EmmanuelPiDjobOfficiel\/","https:\/\/x.com\/PiDjobOfficiel","https:\/\/www.instagram.com\/emmanuelpidjob\/"]}]}},"jetpack_sharing_enabled":true,"_links":{"self":[{"href":"https:\/\/www.emmanuelpidjob.com\/en\/wp-json\/wp\/v2\/pages\/3137","targetHints":{"allow":["GET"]}}],"collection":[{"href":"https:\/\/www.emmanuelpidjob.com\/en\/wp-json\/wp\/v2\/pages"}],"about":[{"href":"https:\/\/www.emmanuelpidjob.com\/en\/wp-json\/wp\/v2\/types\/page"}],"author":[{"embeddable":true,"href":"https:\/\/www.emmanuelpidjob.com\/en\/wp-json\/wp\/v2\/users\/1"}],"replies":[{"embeddable":true,"href":"https:\/\/www.emmanuelpidjob.com\/en\/wp-json\/wp\/v2\/comments?post=3137"}],"version-history":[{"count":2,"href":"https:\/\/www.emmanuelpidjob.com\/en\/wp-json\/wp\/v2\/pages\/3137\/revisions"}],"predecessor-version":[{"id":3386,"href":"https:\/\/www.emmanuelpidjob.com\/en\/wp-json\/wp\/v2\/pages\/3137\/revisions\/3386"}],"up":[{"embeddable":true,"href":"https:\/\/www.emmanuelpidjob.com\/en\/wp-json\/wp\/v2\/pages\/2387"}],"wp:attachment":[{"href":"https:\/\/www.emmanuelpidjob.com\/en\/wp-json\/wp\/v2\/media?parent=3137"}],"curies":[{"name":"wp","href":"https:\/\/api.w.org\/{rel}","templated":true}]}}