{"id":3173,"date":"2023-12-06T10:53:05","date_gmt":"2023-12-06T09:53:05","guid":{"rendered":"https:\/\/www.emmanuelpidjob.com\/artistic-projects-of-emmanuel-pidjob\/trocadero-jazztet\/"},"modified":"2025-03-13T18:16:45","modified_gmt":"2025-03-13T17:16:45","slug":"trocadero-jazztet","status":"publish","type":"page","link":"https:\/\/www.emmanuelpidjob.com\/en\/artistic-projects-of-emmanuel-pidjob\/trocadero-jazztet\/","title":{"rendered":"Trocad\u00e9ro Jazztet"},"content":{"rendered":"<p>[et_pb_section fb_built=&#8221;1&#8243; _builder_version=&#8221;4.23.4&#8243; _module_preset=&#8221;default&#8221; custom_padding=&#8221;40px||0px|||&#8221; global_colors_info=&#8221;{}&#8221;][et_pb_row _builder_version=&#8221;4.23.4&#8243; _module_preset=&#8221;default&#8221; global_colors_info=&#8221;{}&#8221;][et_pb_column type=&#8221;4_4&#8243; _builder_version=&#8221;4.23.4&#8243; _module_preset=&#8221;default&#8221; global_colors_info=&#8221;{}&#8221;][et_pb_text _builder_version=&#8221;4.23.4&#8243; _module_preset=&#8221;default&#8221; text_font_size=&#8221;25px&#8221; header_2_font=&#8221;|700|||||||&#8221; header_2_line_height=&#8221;1.1em&#8221; background_image=&#8221;https:\/\/www.emmanuelpidjob.com\/wp-content\/uploads\/2023\/06\/background-brush-1.png&#8221; background_size=&#8221;contain&#8221; text_orientation=&#8221;center&#8221; custom_padding=&#8221;5px||2px||false|false&#8221; locked=&#8221;off&#8221; global_colors_info=&#8221;{}&#8221;]<\/p>\n<h2>Trocad\u00e9ro Jazztet<\/h2>\n<p>[\/et_pb_text][et_pb_text _builder_version=&#8221;4.27.4&#8243; _module_preset=&#8221;default&#8221; text_font_size=&#8221;20px&#8221; text_orientation=&#8221;center&#8221; hover_enabled=&#8221;0&#8243; global_colors_info=&#8221;{}&#8221; sticky_enabled=&#8221;0&#8243;]<\/p>\n<p>Above all a human adventure, the <strong>Trocad\u00e9ro Jazztet<\/strong> was formed in the 2000s when <strong>Emmanuel Pi Djob<\/strong>, <strong>Esa\u00efe Cid<\/strong> and <strong>Beno\u00eet Torr\u00e8s<\/strong> met up with the <strong>Midnite Blue<\/strong> collective.<\/p>\n<p>[\/et_pb_text][\/et_pb_column][\/et_pb_row][\/et_pb_section][et_pb_section fb_built=&#8221;1&#8243; _builder_version=&#8221;4.23.4&#8243; _module_preset=&#8221;default&#8221; custom_padding=&#8221;0px||0px|||&#8221; global_colors_info=&#8221;{}&#8221;][et_pb_row column_structure=&#8221;1_3,1_3,1_3&#8243; use_custom_gutter=&#8221;on&#8221; gutter_width=&#8221;2&#8243; _builder_version=&#8221;4.23.4&#8243; _module_preset=&#8221;default&#8221; width=&#8221;90%&#8221; max_width=&#8221;100%&#8221; custom_padding=&#8221;||0px|||&#8221; global_colors_info=&#8221;{}&#8221;][et_pb_column type=&#8221;1_3&#8243; _builder_version=&#8221;4.23.4&#8243; _module_preset=&#8221;default&#8221; global_colors_info=&#8221;{}&#8221;][et_pb_text _builder_version=&#8221;4.27.4&#8243; _module_preset=&#8221;default&#8221; custom_margin=&#8221;30px||24px|||&#8221; hover_enabled=&#8221;0&#8243; global_colors_info=&#8221;{}&#8221; sticky_enabled=&#8221;0&#8243;]<\/p>\n<p>As the result of long-term work, ten internationally renowned musicians from the jazz and gospel scene come together to perform 100% original compositions by Esa\u00efe Cid.<\/p>\n<p>Esa\u00efe Cid returns to the roots of genres with common origins, offering an eminently contemporary jazz framework for Afro-American spiritual songs. A music blending be bop and West Coast sounds. Timeless lyrics with historical resonance, sung by the leader of the gospel revival in Europe, Emmanuel Pi Djob, whose warm and powerful voice brings to mind James Cleveland, Ray Charles&#8230;<\/p>\n<p>[\/et_pb_text][et_pb_text _builder_version=&#8221;4.27.4&#8243; _module_preset=&#8221;default&#8221; custom_margin=&#8221;30px||24px|||&#8221; hover_enabled=&#8221;0&#8243; global_colors_info=&#8221;{}&#8221; sticky_enabled=&#8221;0&#8243;]<\/p>\n<p>Esa\u00efe Cid brilliantly returns to the very foundations of jazz, originally conceived as a deeply spiritual music by artists such as Louis Armstrong, Duke Ellington and Mary Lou Williams, who did not hesitate to alternate between jazz and sacred music.<\/p>\n<p>[\/et_pb_text][et_pb_image src=&#8221;https:\/\/www.emmanuelpidjob.com\/wp-content\/uploads\/2024\/01\/TJ-Bruno-Mattee-3.jpg&#8221; title_text=&#8221;TJ Bruno Matte\u0301e &#8211; 3&#8243; _builder_version=&#8221;4.23.4&#8243; _module_preset=&#8221;default&#8221; global_colors_info=&#8221;{}&#8221;][\/et_pb_image][et_pb_image src=&#8221;https:\/\/www.emmanuelpidjob.com\/wp-content\/uploads\/2023\/12\/Trocadero-Jazztet.jpg&#8221; title_text=&#8221;Trocadero Jazztet&#8221; _builder_version=&#8221;4.24.0&#8243; _module_preset=&#8221;default&#8221; global_colors_info=&#8221;{}&#8221;][\/et_pb_image][\/et_pb_column][et_pb_column type=&#8221;1_3&#8243; _builder_version=&#8221;4.23.4&#8243; _module_preset=&#8221;default&#8221; global_colors_info=&#8221;{}&#8221;][et_pb_image src=&#8221;https:\/\/www.emmanuelpidjob.com\/wp-content\/uploads\/2024\/01\/TJ-Bruno-Mattee-2.jpg&#8221; title_text=&#8221;TJ Bruno Matte\u0301e &#8211; 2&#8243; _builder_version=&#8221;4.23.4&#8243; _module_preset=&#8221;default&#8221; global_colors_info=&#8221;{}&#8221;][\/et_pb_image][et_pb_text _builder_version=&#8221;4.27.4&#8243; _module_preset=&#8221;default&#8221; custom_margin=&#8221;30px||24px|||&#8221; hover_enabled=&#8221;0&#8243; global_colors_info=&#8221;{}&#8221; sticky_enabled=&#8221;0&#8243;]<\/p>\n<p>Through demanding and vibrant interpretations, the Trocad\u00e9ro Jazztet musicians take pleasure in conveying a range of universal emotions, from joy to suffering, by way of faith. Their music speaks to the soul and touches the deepest part of each and every one of us, while making our bodies swing.<\/p>\n<p><strong>An album is in preparation.<\/strong><\/p>\n<p>[\/et_pb_text][et_pb_image src=&#8221;https:\/\/www.emmanuelpidjob.com\/wp-content\/uploads\/2024\/01\/TJ-Bruno-Mattee-4.jpg&#8221; title_text=&#8221;TJ Bruno Matte\u0301e &#8211; 4&#8243; _builder_version=&#8221;4.23.4&#8243; _module_preset=&#8221;default&#8221; global_colors_info=&#8221;{}&#8221;][\/et_pb_image][\/et_pb_column][et_pb_column type=&#8221;1_3&#8243; _builder_version=&#8221;4.23.4&#8243; _module_preset=&#8221;default&#8221; global_colors_info=&#8221;{}&#8221;][et_pb_image src=&#8221;https:\/\/www.emmanuelpidjob.com\/wp-content\/uploads\/2024\/01\/TJ-Bruno-Mattee-1.jpg&#8221; title_text=&#8221;TJ Bruno Matte\u0301e &#8211; 1&#8243; _builder_version=&#8221;4.23.4&#8243; _module_preset=&#8221;default&#8221; global_colors_info=&#8221;{}&#8221;][\/et_pb_image][et_pb_text _builder_version=&#8221;4.27.4&#8243; _module_preset=&#8221;default&#8221; text_orientation=&#8221;center&#8221; custom_margin=&#8221;60px||19px|||&#8221; hover_enabled=&#8221;0&#8243; global_colors_info=&#8221;{}&#8221; sticky_enabled=&#8221;0&#8243;]<\/p>\n<h2>The Line up :<\/h2>\n<p><strong>Emmanuel Pi Djob<br \/><\/strong>Solo vocals,<\/p>\n<p><strong>Esa\u00efe Cid<br \/><\/strong>Saxophone,<\/p>\n<p><strong>Mourad Benahmmou<br \/><\/strong>Drums,<\/p>\n<p><strong>Malo Mazuri\u00e9<br \/><\/strong>Trumpet,<\/p>\n<p><strong>Beno\u00eet de Flamesnil<br \/><\/strong>Trombone,<\/p>\n<p><strong>Jean-Baptiste Franc<br \/><\/strong>Piano,<\/p>\n<p><strong>Beno\u00eet Torres<br \/><\/strong>Double bass,<\/p>\n<p><strong>Manel Cheniti<br \/><\/strong>Vocals,<\/p>\n<p><strong>Liza Edouard<br \/><\/strong>Vocals,<\/p>\n<p><strong>Corinne Sarhaoui<br \/><\/strong>Vocals<\/p>\n<p>[\/et_pb_text][\/et_pb_column][\/et_pb_row][\/et_pb_section][et_pb_section fb_built=&#8221;1&#8243; _builder_version=&#8221;4.23.4&#8243; _module_preset=&#8221;default&#8221; background_color=&#8221;#3B2623&#8243; custom_padding=&#8221;30px||40px||false|false&#8221; global_colors_info=&#8221;{}&#8221;][et_pb_row _builder_version=&#8221;4.23.1&#8243; _module_preset=&#8221;default&#8221; global_colors_info=&#8221;{}&#8221;][et_pb_column type=&#8221;4_4&#8243; _builder_version=&#8221;4.21.0&#8243; _module_preset=&#8221;default&#8221; global_colors_info=&#8221;{}&#8221;][et_pb_text _builder_version=&#8221;4.27.4&#8243; _module_preset=&#8221;default&#8221; text_font_size=&#8221;25px&#8221; header_2_font=&#8221;|700|||||||&#8221; header_2_line_height=&#8221;1.1em&#8221; background_image=&#8221;https:\/\/www.emmanuelpidjob.com\/wp-content\/uploads\/2023\/06\/background-brush-1.png&#8221; background_size=&#8221;custom&#8221; background_image_width=&#8221;37%&#8221; text_orientation=&#8221;center&#8221; background_layout=&#8221;dark&#8221; custom_padding=&#8221;0px||0px||false|false&#8221; hover_enabled=&#8221;0&#8243; global_colors_info=&#8221;{}&#8221; sticky_enabled=&#8221;0&#8243;]<\/p>\n<h2>Video playlist<\/h2>\n<p>[\/et_pb_text][\/et_pb_column][\/et_pb_row][et_pb_row use_custom_gutter=&#8221;on&#8221; gutter_width=&#8221;2&#8243; _builder_version=&#8221;4.23.4&#8243; _module_preset=&#8221;default&#8221; width=&#8221;90%&#8221; max_width=&#8221;100%&#8221; global_colors_info=&#8221;{}&#8221;][et_pb_column type=&#8221;4_4&#8243; _builder_version=&#8221;4.23.4&#8243; _module_preset=&#8221;default&#8221; global_colors_info=&#8221;{}&#8221;][et_pb_video src=&#8221;https:\/\/youtube.com\/playlist?list=PLygrZVLakopk0ONiwBSuc9HushJPZ3xrm&#038;si=eRN7Vbe_zRMlonCw&#8221; _builder_version=&#8221;4.23.4&#8243; _module_preset=&#8221;default&#8221; custom_margin=&#8221;||11px|||&#8221; global_colors_info=&#8221;{}&#8221;][\/et_pb_video][\/et_pb_column][\/et_pb_row][\/et_pb_section]<\/p>\n","protected":false},"excerpt":{"rendered":"<p>Trocad\u00e9ro JazztetAbove all a human adventure, the Trocad\u00e9ro Jazztet was formed in the 2000s when Emmanuel Pi Djob, Esa\u00efe Cid and Beno\u00eet Torr\u00e8s met up with the Midnite Blue collective.As the result of long-term work, ten internationally renowned musicians from the jazz and gospel scene come together to perform 100% original compositions by Esa\u00efe Cid. [&hellip;]<\/p>\n","protected":false},"author":1,"featured_media":0,"parent":2387,"menu_order":0,"comment_status":"closed","ping_status":"closed","template":"","meta":{"_et_pb_use_builder":"on","_et_pb_old_content":"<!-- wp:paragraph -->\n<p>Aventure humaine avant tout, le Trocad\u00e9ro Jazztet est issu de la rencontre, dans les ann\u00e9es 2000, d'Emmanuel Pi Djob, d'Esa\u00efe Cid et de Beno\u00eet Torr\u00e8s, du collectif Midnite Blue.<\/p>\n<!-- \/wp:paragraph -->\n\n<!-- wp:paragraph -->\n<p>Fruit d\u2019un travail au long cours, il rassemble dix musiciens de carrure internationale issus de la sc\u00e8ne jazz et gospel, autour de compositions 100 % originales d\u2019Esa\u00efe Cid.<\/p>\n<!-- \/wp:paragraph -->\n\n<!-- wp:paragraph -->\n<p>\u200b\u200b<\/p>\n<!-- \/wp:paragraph -->\n\n<!-- wp:paragraph -->\n<p>Esa\u00efe Cid op\u00e8re un retour aux sources de genres aux racines communes, et offre un canevas jazz \u00e9minemment actuel aux chants spirituels afro-am\u00e9ricains. Une musique o\u00f9 les sonorit\u00e9s be bop et West Coast s'envolent. Des paroles charg\u00e9es d\u2019histoire et intemporelles, chant\u00e9es par le chef de file du renouveau du gospel en Europe, Emmanuel Pi Djob, dont la voix chaude et puissante rappelle celles de James Cleveland, Ray Charles...<\/p>\n<!-- \/wp:paragraph -->\n\n<!-- wp:paragraph -->\n<p>\u200b<\/p>\n<!-- \/wp:paragraph -->\n\n<!-- wp:paragraph -->\n<p>Esa\u00efe Cid r\u00e9ussit le tour de force de revenir au fondement m\u00eame du jazz, con\u00e7u \u00e0 l\u2019origine comme une musique profond\u00e9ment spirituelle par des artistes comme Louis Armstrong, Duke Ellington ou Mary Lou Williams qui n\u2019h\u00e9sitaient pas \u00e0 multiplier les allers et retours entre jazz et musique sacr\u00e9e.<\/p>\n<!-- \/wp:paragraph -->\n\n<!-- wp:paragraph -->\n<p>\u200b<\/p>\n<!-- \/wp:paragraph -->\n\n<!-- wp:paragraph -->\n<p>Au travers d\u2019interpr\u00e9tations exigeantes et lumineuses, les musiciens du Trocad\u00e9ro Jazztet prennent plaisir \u00e0 transmettre une palette d\u2019\u00e9motions universelles allant de la joie \u00e0 la souffrance, en passant par la foi. Leur musique parle \u00e0 l\u2019\u00e2me et touche \u00e0 ce qu\u2019il y a de plus profond en chacun et chacune d\u2019entre nous, tout en faisant swinguer les corps.<\/p>\n<!-- \/wp:paragraph -->\n\n<!-- wp:paragraph -->\n<p>Un album est en pr\u00e9paration.<\/p>\n<!-- \/wp:paragraph -->\n\n<!-- wp:embed {\"url\":\"https:\/\/www.trocadero-jazztet.com\"} -->\n<figure class=\"wp-block-embed\"><div class=\"wp-block-embed__wrapper\">\nhttps:\/\/www.trocadero-jazztet.com\n<\/div><\/figure>\n<!-- \/wp:embed -->\n\n<!-- wp:heading {\"level\":4} -->\n<h4 class=\"wp-block-heading\">Vid\u00e9o<\/h4>\n<!-- \/wp:heading -->\n\n<!-- wp:embed {\"url\":\"https:\/\/youtu.be\/2oQnnoWYsz8\",\"type\":\"video\",\"providerNameSlug\":\"youtube\",\"responsive\":true,\"className\":\"wp-embed-aspect-16-9 wp-has-aspect-ratio\"} -->\n<figure class=\"wp-block-embed is-type-video is-provider-youtube wp-block-embed-youtube wp-embed-aspect-16-9 wp-has-aspect-ratio\"><div class=\"wp-block-embed__wrapper\">\nhttps:\/\/youtu.be\/2oQnnoWYsz8\n<\/div><\/figure>\n<!-- \/wp:embed -->","_et_gb_content_width":"1080","footnotes":""},"class_list":["post-3173","page","type-page","status-publish","hentry"],"yoast_head":"<!-- This site is optimized with the Yoast SEO plugin v27.5 - https:\/\/yoast.com\/product\/yoast-seo-wordpress\/ -->\n<title>Trocad\u00e9ro Jazztet - Emmanuel PiDjob Officiel<\/title>\n<meta name=\"robots\" content=\"index, follow, max-snippet:-1, max-image-preview:large, max-video-preview:-1\" \/>\n<link rel=\"canonical\" href=\"https:\/\/www.emmanuelpidjob.com\/en\/artistic-projects-of-emmanuel-pidjob\/trocadero-jazztet\/\" \/>\n<meta property=\"og:locale\" content=\"en_US\" \/>\n<meta property=\"og:type\" content=\"article\" \/>\n<meta property=\"og:title\" content=\"Trocad\u00e9ro Jazztet - Emmanuel PiDjob Officiel\" \/>\n<meta property=\"og:description\" content=\"Trocad\u00e9ro JazztetAbove all a human adventure, the Trocad\u00e9ro Jazztet was formed in the 2000s when Emmanuel Pi Djob, Esa\u00efe Cid and Beno\u00eet Torr\u00e8s met up with the Midnite Blue collective.As the result of long-term work, ten internationally renowned musicians from the jazz and gospel scene come together to perform 100% original compositions by Esa\u00efe Cid. [&hellip;]\" \/>\n<meta property=\"og:url\" content=\"https:\/\/www.emmanuelpidjob.com\/en\/artistic-projects-of-emmanuel-pidjob\/trocadero-jazztet\/\" \/>\n<meta property=\"og:site_name\" content=\"Emmanuel PiDjob Officiel\" \/>\n<meta property=\"article:publisher\" content=\"https:\/\/www.facebook.com\/EmmanuelPiDjobOfficiel\/\" \/>\n<meta property=\"article:modified_time\" content=\"2025-03-13T17:16:45+00:00\" \/>\n<meta property=\"og:image\" content=\"https:\/\/i0.wp.com\/www.emmanuelpidjob.com\/wp-content\/uploads\/2024\/02\/Emmanuel-Pi-Djob-par-Picteos.jpg?fit=1200%2C675&ssl=1\" \/>\n\t<meta property=\"og:image:width\" content=\"1200\" \/>\n\t<meta property=\"og:image:height\" content=\"675\" \/>\n\t<meta property=\"og:image:type\" content=\"image\/jpeg\" \/>\n<meta name=\"twitter:card\" content=\"summary_large_image\" \/>\n<meta name=\"twitter:site\" content=\"@PiDjobOfficiel\" \/>\n<meta name=\"twitter:label1\" content=\"Est. reading time\" \/>\n\t<meta name=\"twitter:data1\" content=\"3 minutes\" \/>\n<script type=\"application\/ld+json\" class=\"yoast-schema-graph\">{\"@context\":\"https:\\\/\\\/schema.org\",\"@graph\":[{\"@type\":\"WebPage\",\"@id\":\"https:\\\/\\\/www.emmanuelpidjob.com\\\/en\\\/artistic-projects-of-emmanuel-pidjob\\\/trocadero-jazztet\\\/\",\"url\":\"https:\\\/\\\/www.emmanuelpidjob.com\\\/en\\\/artistic-projects-of-emmanuel-pidjob\\\/trocadero-jazztet\\\/\",\"name\":\"Trocad\u00e9ro Jazztet - Emmanuel PiDjob Officiel\",\"isPartOf\":{\"@id\":\"https:\\\/\\\/www.emmanuelpidjob.com\\\/en\\\/#website\"},\"datePublished\":\"2023-12-06T09:53:05+00:00\",\"dateModified\":\"2025-03-13T17:16:45+00:00\",\"breadcrumb\":{\"@id\":\"https:\\\/\\\/www.emmanuelpidjob.com\\\/en\\\/artistic-projects-of-emmanuel-pidjob\\\/trocadero-jazztet\\\/#breadcrumb\"},\"inLanguage\":\"en-US\",\"potentialAction\":[{\"@type\":\"ReadAction\",\"target\":[\"https:\\\/\\\/www.emmanuelpidjob.com\\\/en\\\/artistic-projects-of-emmanuel-pidjob\\\/trocadero-jazztet\\\/\"]}]},{\"@type\":\"BreadcrumbList\",\"@id\":\"https:\\\/\\\/www.emmanuelpidjob.com\\\/en\\\/artistic-projects-of-emmanuel-pidjob\\\/trocadero-jazztet\\\/#breadcrumb\",\"itemListElement\":[{\"@type\":\"ListItem\",\"position\":1,\"name\":\"Accueil\",\"item\":\"https:\\\/\\\/www.emmanuelpidjob.com\\\/en\\\/\"},{\"@type\":\"ListItem\",\"position\":2,\"name\":\"Artistic Projects of Emmanuel PiDjob\",\"item\":\"https:\\\/\\\/www.emmanuelpidjob.com\\\/en\\\/artistic-projects-of-emmanuel-pidjob\\\/\"},{\"@type\":\"ListItem\",\"position\":3,\"name\":\"Trocad\u00e9ro Jazztet\"}]},{\"@type\":\"WebSite\",\"@id\":\"https:\\\/\\\/www.emmanuelpidjob.com\\\/en\\\/#website\",\"url\":\"https:\\\/\\\/www.emmanuelpidjob.com\\\/en\\\/\",\"name\":\"Emmanuel Pi Djob Officiel\",\"description\":\"Le site Internet officiel de l&#039;artiste Emmanuel Pi Djob\",\"publisher\":{\"@id\":\"https:\\\/\\\/www.emmanuelpidjob.com\\\/en\\\/#organization\"},\"alternateName\":\"Site Internet Emmanuel Pi Djob\",\"potentialAction\":[{\"@type\":\"SearchAction\",\"target\":{\"@type\":\"EntryPoint\",\"urlTemplate\":\"https:\\\/\\\/www.emmanuelpidjob.com\\\/en\\\/?s={search_term_string}\"},\"query-input\":{\"@type\":\"PropertyValueSpecification\",\"valueRequired\":true,\"valueName\":\"search_term_string\"}}],\"inLanguage\":\"en-US\"},{\"@type\":\"Organization\",\"@id\":\"https:\\\/\\\/www.emmanuelpidjob.com\\\/en\\\/#organization\",\"name\":\"Emmanuel PiDjob Officiel\",\"alternateName\":\"Pi Djob\",\"url\":\"https:\\\/\\\/www.emmanuelpidjob.com\\\/en\\\/\",\"logo\":{\"@type\":\"ImageObject\",\"inLanguage\":\"en-US\",\"@id\":\"https:\\\/\\\/www.emmanuelpidjob.com\\\/en\\\/#\\\/schema\\\/logo\\\/image\\\/\",\"url\":\"https:\\\/\\\/www.emmanuelpidjob.com\\\/wp-content\\\/uploads\\\/2023\\\/06\\\/logo-temporaire-emmanueldjob-fonce.png\",\"contentUrl\":\"https:\\\/\\\/www.emmanuelpidjob.com\\\/wp-content\\\/uploads\\\/2023\\\/06\\\/logo-temporaire-emmanueldjob-fonce.png\",\"width\":455,\"height\":211,\"caption\":\"Emmanuel PiDjob Officiel\"},\"image\":{\"@id\":\"https:\\\/\\\/www.emmanuelpidjob.com\\\/en\\\/#\\\/schema\\\/logo\\\/image\\\/\"},\"sameAs\":[\"https:\\\/\\\/www.facebook.com\\\/EmmanuelPiDjobOfficiel\\\/\",\"https:\\\/\\\/x.com\\\/PiDjobOfficiel\",\"https:\\\/\\\/www.instagram.com\\\/emmanuelpidjob\\\/\"]}]}<\/script>\n<!-- \/ Yoast SEO plugin. -->","yoast_head_json":{"title":"Trocad\u00e9ro Jazztet - Emmanuel PiDjob Officiel","robots":{"index":"index","follow":"follow","max-snippet":"max-snippet:-1","max-image-preview":"max-image-preview:large","max-video-preview":"max-video-preview:-1"},"canonical":"https:\/\/www.emmanuelpidjob.com\/en\/artistic-projects-of-emmanuel-pidjob\/trocadero-jazztet\/","og_locale":"en_US","og_type":"article","og_title":"Trocad\u00e9ro Jazztet - Emmanuel PiDjob Officiel","og_description":"Trocad\u00e9ro JazztetAbove all a human adventure, the Trocad\u00e9ro Jazztet was formed in the 2000s when Emmanuel Pi Djob, Esa\u00efe Cid and Beno\u00eet Torr\u00e8s met up with the Midnite Blue collective.As the result of long-term work, ten internationally renowned musicians from the jazz and gospel scene come together to perform 100% original compositions by Esa\u00efe Cid. [&hellip;]","og_url":"https:\/\/www.emmanuelpidjob.com\/en\/artistic-projects-of-emmanuel-pidjob\/trocadero-jazztet\/","og_site_name":"Emmanuel PiDjob Officiel","article_publisher":"https:\/\/www.facebook.com\/EmmanuelPiDjobOfficiel\/","article_modified_time":"2025-03-13T17:16:45+00:00","og_image":[{"width":1200,"height":675,"url":"https:\/\/i0.wp.com\/www.emmanuelpidjob.com\/wp-content\/uploads\/2024\/02\/Emmanuel-Pi-Djob-par-Picteos.jpg?fit=1200%2C675&ssl=1","type":"image\/jpeg"}],"twitter_card":"summary_large_image","twitter_site":"@PiDjobOfficiel","twitter_misc":{"Est. reading time":"3 minutes"},"schema":{"@context":"https:\/\/schema.org","@graph":[{"@type":"WebPage","@id":"https:\/\/www.emmanuelpidjob.com\/en\/artistic-projects-of-emmanuel-pidjob\/trocadero-jazztet\/","url":"https:\/\/www.emmanuelpidjob.com\/en\/artistic-projects-of-emmanuel-pidjob\/trocadero-jazztet\/","name":"Trocad\u00e9ro Jazztet - Emmanuel PiDjob Officiel","isPartOf":{"@id":"https:\/\/www.emmanuelpidjob.com\/en\/#website"},"datePublished":"2023-12-06T09:53:05+00:00","dateModified":"2025-03-13T17:16:45+00:00","breadcrumb":{"@id":"https:\/\/www.emmanuelpidjob.com\/en\/artistic-projects-of-emmanuel-pidjob\/trocadero-jazztet\/#breadcrumb"},"inLanguage":"en-US","potentialAction":[{"@type":"ReadAction","target":["https:\/\/www.emmanuelpidjob.com\/en\/artistic-projects-of-emmanuel-pidjob\/trocadero-jazztet\/"]}]},{"@type":"BreadcrumbList","@id":"https:\/\/www.emmanuelpidjob.com\/en\/artistic-projects-of-emmanuel-pidjob\/trocadero-jazztet\/#breadcrumb","itemListElement":[{"@type":"ListItem","position":1,"name":"Accueil","item":"https:\/\/www.emmanuelpidjob.com\/en\/"},{"@type":"ListItem","position":2,"name":"Artistic Projects of Emmanuel PiDjob","item":"https:\/\/www.emmanuelpidjob.com\/en\/artistic-projects-of-emmanuel-pidjob\/"},{"@type":"ListItem","position":3,"name":"Trocad\u00e9ro Jazztet"}]},{"@type":"WebSite","@id":"https:\/\/www.emmanuelpidjob.com\/en\/#website","url":"https:\/\/www.emmanuelpidjob.com\/en\/","name":"Emmanuel Pi Djob Officiel","description":"Le site Internet officiel de l&#039;artiste Emmanuel Pi Djob","publisher":{"@id":"https:\/\/www.emmanuelpidjob.com\/en\/#organization"},"alternateName":"Site Internet Emmanuel Pi Djob","potentialAction":[{"@type":"SearchAction","target":{"@type":"EntryPoint","urlTemplate":"https:\/\/www.emmanuelpidjob.com\/en\/?s={search_term_string}"},"query-input":{"@type":"PropertyValueSpecification","valueRequired":true,"valueName":"search_term_string"}}],"inLanguage":"en-US"},{"@type":"Organization","@id":"https:\/\/www.emmanuelpidjob.com\/en\/#organization","name":"Emmanuel PiDjob Officiel","alternateName":"Pi Djob","url":"https:\/\/www.emmanuelpidjob.com\/en\/","logo":{"@type":"ImageObject","inLanguage":"en-US","@id":"https:\/\/www.emmanuelpidjob.com\/en\/#\/schema\/logo\/image\/","url":"https:\/\/www.emmanuelpidjob.com\/wp-content\/uploads\/2023\/06\/logo-temporaire-emmanueldjob-fonce.png","contentUrl":"https:\/\/www.emmanuelpidjob.com\/wp-content\/uploads\/2023\/06\/logo-temporaire-emmanueldjob-fonce.png","width":455,"height":211,"caption":"Emmanuel PiDjob Officiel"},"image":{"@id":"https:\/\/www.emmanuelpidjob.com\/en\/#\/schema\/logo\/image\/"},"sameAs":["https:\/\/www.facebook.com\/EmmanuelPiDjobOfficiel\/","https:\/\/x.com\/PiDjobOfficiel","https:\/\/www.instagram.com\/emmanuelpidjob\/"]}]}},"jetpack_sharing_enabled":true,"_links":{"self":[{"href":"https:\/\/www.emmanuelpidjob.com\/en\/wp-json\/wp\/v2\/pages\/3173","targetHints":{"allow":["GET"]}}],"collection":[{"href":"https:\/\/www.emmanuelpidjob.com\/en\/wp-json\/wp\/v2\/pages"}],"about":[{"href":"https:\/\/www.emmanuelpidjob.com\/en\/wp-json\/wp\/v2\/types\/page"}],"author":[{"embeddable":true,"href":"https:\/\/www.emmanuelpidjob.com\/en\/wp-json\/wp\/v2\/users\/1"}],"replies":[{"embeddable":true,"href":"https:\/\/www.emmanuelpidjob.com\/en\/wp-json\/wp\/v2\/comments?post=3173"}],"version-history":[{"count":8,"href":"https:\/\/www.emmanuelpidjob.com\/en\/wp-json\/wp\/v2\/pages\/3173\/revisions"}],"predecessor-version":[{"id":3423,"href":"https:\/\/www.emmanuelpidjob.com\/en\/wp-json\/wp\/v2\/pages\/3173\/revisions\/3423"}],"up":[{"embeddable":true,"href":"https:\/\/www.emmanuelpidjob.com\/en\/wp-json\/wp\/v2\/pages\/2387"}],"wp:attachment":[{"href":"https:\/\/www.emmanuelpidjob.com\/en\/wp-json\/wp\/v2\/media?parent=3173"}],"curies":[{"name":"wp","href":"https:\/\/api.w.org\/{rel}","templated":true}]}}