{"id":3182,"date":"2023-05-16T11:39:08","date_gmt":"2023-05-16T09:39:08","guid":{"rendered":"https:\/\/www.emmanuelpidjob.com\/mentions-legales\/"},"modified":"2025-04-23T16:04:12","modified_gmt":"2025-04-23T14:04:12","slug":"legal-notice","status":"publish","type":"page","link":"https:\/\/www.emmanuelpidjob.com\/en\/legal-notice\/","title":{"rendered":"Legal Notice"},"content":{"rendered":"<p>[et_pb_section fb_built=&#8221;1&#8243; _builder_version=&#8221;4.21.0&#8243; _module_preset=&#8221;default&#8221; custom_padding=&#8221;||0px|||&#8221; global_colors_info=&#8221;{}&#8221;][et_pb_row _builder_version=&#8221;4.21.0&#8243; _module_preset=&#8221;default&#8221; global_colors_info=&#8221;{}&#8221;][et_pb_column type=&#8221;4_4&#8243; _builder_version=&#8221;4.21.0&#8243; _module_preset=&#8221;default&#8221; global_colors_info=&#8221;{}&#8221;][et_pb_text _builder_version=&#8221;4.27.4&#8243; _module_preset=&#8221;default&#8221; text_orientation=&#8221;center&#8221; hover_enabled=&#8221;0&#8243; global_colors_info=&#8221;{}&#8221; sticky_enabled=&#8221;0&#8243;]<\/p>\n<h1>Legal Notice<\/h1>\n<p>[\/et_pb_text][\/et_pb_column][\/et_pb_row][\/et_pb_section][et_pb_section fb_built=&#8221;1&#8243; _builder_version=&#8221;4.16&#8243; _module_preset=&#8221;default&#8221; custom_padding=&#8221;0px|||||&#8221; global_colors_info=&#8221;{}&#8221;][et_pb_row _builder_version=&#8221;4.16&#8243; _module_preset=&#8221;default&#8221; global_colors_info=&#8221;{}&#8221;][et_pb_column type=&#8221;4_4&#8243; _builder_version=&#8221;4.16&#8243; _module_preset=&#8221;default&#8221; global_colors_info=&#8221;{}&#8221;][et_pb_text _builder_version=&#8221;4.27.4&#8243; _module_preset=&#8221;default&#8221; hover_enabled=&#8221;0&#8243; global_colors_info=&#8221;{}&#8221; sticky_enabled=&#8221;0&#8243;]<\/p>\n<h2>Publisher<\/h2>\n<p>This website is published by the association Epimuzik,<\/p>\n<p><span><strong>Address<\/strong>: 1024 Rue du Pioch de Boutonnet,<br \/>R\u00e9sidence Aiguelongue 2,<br \/>B\u00e2t 11, escalier 7, porte 250,<br \/>34090 Montpellier,<br \/>France.<br \/><strong>N\u00b0 SIRET<\/strong> : 820 098 861 00033<br \/><strong>Code APE <\/strong>: 9001Z<br \/><strong>N\u00b0 r\u00e9c\u00e9piss\u00e9 Pr\u00e9fecture<\/strong> : association n\u00b0 W343019523<br \/><\/span><\/p>\n<p><strong>Publishing Director: <\/strong>Pascale Wauters <a href=\"mailto:epimuzik.contact@gmail.com\">epimuzik.contact@gmail.com<\/a><\/p>\n<p><strong>Data Protection Officer (DPO): <\/strong>Agence Picteos <a href=\"mailto:contact@agencepicteos.fr\">contact@picteos.com<\/a><\/p>\n<h2><\/h2>\n<h2>Host<\/h2>\n<p>This website is hosted by:<\/p>\n<p><strong>OVH SAS<br \/><\/strong>2 rue Kellermann \u2013 BP 80157 \u2013 59100 Roubaix \u2013 France<br \/>SAS au capital de 500 000 Euros \u2013 RCS Roubaix-Tourcoing 424 761 419<br \/>Code NAF : 721Z \u2013 TVA\/CEE : FR 22 424761419<\/p>\n<p>[\/et_pb_text][\/et_pb_column][\/et_pb_row][\/et_pb_section]<\/p>\n","protected":false},"excerpt":{"rendered":"<p>Legal NoticePublisher This website is published by the association Epimuzik, Address: 1024 Rue du Pioch de Boutonnet,R\u00e9sidence Aiguelongue 2,B\u00e2t 11, escalier 7, porte 250,34090 Montpellier,France.N\u00b0 SIRET : 820 098 861 00033Code APE : 9001ZN\u00b0 r\u00e9c\u00e9piss\u00e9 Pr\u00e9fecture : association n\u00b0 W343019523 Publishing Director: Pascale Wauters epimuzik.contact@gmail.com Data Protection Officer (DPO): Agence Picteos contact@picteos.com Host This website [&hellip;]<\/p>\n","protected":false},"author":1,"featured_media":0,"parent":0,"menu_order":1000,"comment_status":"closed","ping_status":"closed","template":"","meta":{"_et_pb_use_builder":"on","_et_pb_old_content":"","_et_gb_content_width":"","footnotes":""},"class_list":["post-3182","page","type-page","status-publish","hentry"],"yoast_head":"<!-- This site is optimized with the Yoast SEO plugin v27.6 - https:\/\/yoast.com\/product\/yoast-seo-wordpress\/ -->\n<title>Legal Notice - Emmanuel PiDjob Officiel<\/title>\n<meta name=\"robots\" content=\"index, follow, max-snippet:-1, max-image-preview:large, max-video-preview:-1\" \/>\n<link rel=\"canonical\" href=\"https:\/\/www.emmanuelpidjob.com\/en\/legal-notice\/\" \/>\n<meta property=\"og:locale\" content=\"en_US\" \/>\n<meta property=\"og:type\" content=\"article\" \/>\n<meta property=\"og:title\" content=\"Legal Notice - Emmanuel PiDjob Officiel\" \/>\n<meta property=\"og:description\" content=\"Legal NoticePublisher This website is published by the association Epimuzik, Address: 1024 Rue du Pioch de Boutonnet,R\u00e9sidence Aiguelongue 2,B\u00e2t 11, escalier 7, porte 250,34090 Montpellier,France.N\u00b0 SIRET : 820 098 861 00033Code APE : 9001ZN\u00b0 r\u00e9c\u00e9piss\u00e9 Pr\u00e9fecture : association n\u00b0 W343019523 Publishing Director: Pascale Wauters epimuzik.contact@gmail.com Data Protection Officer (DPO): Agence Picteos contact@picteos.com Host This website [&hellip;]\" \/>\n<meta property=\"og:url\" content=\"https:\/\/www.emmanuelpidjob.com\/en\/legal-notice\/\" \/>\n<meta property=\"og:site_name\" content=\"Emmanuel PiDjob Officiel\" \/>\n<meta property=\"article:publisher\" content=\"https:\/\/www.facebook.com\/EmmanuelPiDjobOfficiel\/\" \/>\n<meta property=\"article:modified_time\" content=\"2025-04-23T14:04:12+00:00\" \/>\n<meta property=\"og:image\" content=\"https:\/\/i0.wp.com\/www.emmanuelpidjob.com\/wp-content\/uploads\/2024\/02\/Emmanuel-Pi-Djob-par-Picteos.jpg?fit=1200%2C675&ssl=1\" \/>\n\t<meta property=\"og:image:width\" content=\"1200\" \/>\n\t<meta property=\"og:image:height\" content=\"675\" \/>\n\t<meta property=\"og:image:type\" content=\"image\/jpeg\" \/>\n<meta name=\"twitter:card\" content=\"summary_large_image\" \/>\n<meta name=\"twitter:site\" content=\"@PiDjobOfficiel\" \/>\n<meta name=\"twitter:label1\" content=\"Est. reading time\" \/>\n\t<meta name=\"twitter:data1\" content=\"1 minute\" \/>\n<script type=\"application\/ld+json\" class=\"yoast-schema-graph\">{\"@context\":\"https:\\\/\\\/schema.org\",\"@graph\":[{\"@type\":\"WebPage\",\"@id\":\"https:\\\/\\\/www.emmanuelpidjob.com\\\/en\\\/legal-notice\\\/\",\"url\":\"https:\\\/\\\/www.emmanuelpidjob.com\\\/en\\\/legal-notice\\\/\",\"name\":\"Legal Notice - Emmanuel PiDjob Officiel\",\"isPartOf\":{\"@id\":\"https:\\\/\\\/www.emmanuelpidjob.com\\\/en\\\/#website\"},\"datePublished\":\"2023-05-16T09:39:08+00:00\",\"dateModified\":\"2025-04-23T14:04:12+00:00\",\"breadcrumb\":{\"@id\":\"https:\\\/\\\/www.emmanuelpidjob.com\\\/en\\\/legal-notice\\\/#breadcrumb\"},\"inLanguage\":\"en-US\",\"potentialAction\":[{\"@type\":\"ReadAction\",\"target\":[\"https:\\\/\\\/www.emmanuelpidjob.com\\\/en\\\/legal-notice\\\/\"]}]},{\"@type\":\"BreadcrumbList\",\"@id\":\"https:\\\/\\\/www.emmanuelpidjob.com\\\/en\\\/legal-notice\\\/#breadcrumb\",\"itemListElement\":[{\"@type\":\"ListItem\",\"position\":1,\"name\":\"Accueil\",\"item\":\"https:\\\/\\\/www.emmanuelpidjob.com\\\/en\\\/\"},{\"@type\":\"ListItem\",\"position\":2,\"name\":\"Legal Notice\"}]},{\"@type\":\"WebSite\",\"@id\":\"https:\\\/\\\/www.emmanuelpidjob.com\\\/en\\\/#website\",\"url\":\"https:\\\/\\\/www.emmanuelpidjob.com\\\/en\\\/\",\"name\":\"Emmanuel Pi Djob Officiel\",\"description\":\"Le site Internet officiel de l&#039;artiste Emmanuel Pi Djob\",\"publisher\":{\"@id\":\"https:\\\/\\\/www.emmanuelpidjob.com\\\/en\\\/#organization\"},\"alternateName\":\"Site Internet Emmanuel Pi Djob\",\"potentialAction\":[{\"@type\":\"SearchAction\",\"target\":{\"@type\":\"EntryPoint\",\"urlTemplate\":\"https:\\\/\\\/www.emmanuelpidjob.com\\\/en\\\/?s={search_term_string}\"},\"query-input\":{\"@type\":\"PropertyValueSpecification\",\"valueRequired\":true,\"valueName\":\"search_term_string\"}}],\"inLanguage\":\"en-US\"},{\"@type\":\"Organization\",\"@id\":\"https:\\\/\\\/www.emmanuelpidjob.com\\\/en\\\/#organization\",\"name\":\"Emmanuel PiDjob Officiel\",\"alternateName\":\"Pi Djob\",\"url\":\"https:\\\/\\\/www.emmanuelpidjob.com\\\/en\\\/\",\"logo\":{\"@type\":\"ImageObject\",\"inLanguage\":\"en-US\",\"@id\":\"https:\\\/\\\/www.emmanuelpidjob.com\\\/en\\\/#\\\/schema\\\/logo\\\/image\\\/\",\"url\":\"https:\\\/\\\/www.emmanuelpidjob.com\\\/wp-content\\\/uploads\\\/2023\\\/06\\\/logo-temporaire-emmanueldjob-fonce.png\",\"contentUrl\":\"https:\\\/\\\/www.emmanuelpidjob.com\\\/wp-content\\\/uploads\\\/2023\\\/06\\\/logo-temporaire-emmanueldjob-fonce.png\",\"width\":455,\"height\":211,\"caption\":\"Emmanuel PiDjob Officiel\"},\"image\":{\"@id\":\"https:\\\/\\\/www.emmanuelpidjob.com\\\/en\\\/#\\\/schema\\\/logo\\\/image\\\/\"},\"sameAs\":[\"https:\\\/\\\/www.facebook.com\\\/EmmanuelPiDjobOfficiel\\\/\",\"https:\\\/\\\/x.com\\\/PiDjobOfficiel\",\"https:\\\/\\\/www.instagram.com\\\/emmanuelpidjob\\\/\"]}]}<\/script>\n<!-- \/ Yoast SEO plugin. -->","yoast_head_json":{"title":"Legal Notice - Emmanuel PiDjob Officiel","robots":{"index":"index","follow":"follow","max-snippet":"max-snippet:-1","max-image-preview":"max-image-preview:large","max-video-preview":"max-video-preview:-1"},"canonical":"https:\/\/www.emmanuelpidjob.com\/en\/legal-notice\/","og_locale":"en_US","og_type":"article","og_title":"Legal Notice - Emmanuel PiDjob Officiel","og_description":"Legal NoticePublisher This website is published by the association Epimuzik, Address: 1024 Rue du Pioch de Boutonnet,R\u00e9sidence Aiguelongue 2,B\u00e2t 11, escalier 7, porte 250,34090 Montpellier,France.N\u00b0 SIRET : 820 098 861 00033Code APE : 9001ZN\u00b0 r\u00e9c\u00e9piss\u00e9 Pr\u00e9fecture : association n\u00b0 W343019523 Publishing Director: Pascale Wauters epimuzik.contact@gmail.com Data Protection Officer (DPO): Agence Picteos contact@picteos.com Host This website [&hellip;]","og_url":"https:\/\/www.emmanuelpidjob.com\/en\/legal-notice\/","og_site_name":"Emmanuel PiDjob Officiel","article_publisher":"https:\/\/www.facebook.com\/EmmanuelPiDjobOfficiel\/","article_modified_time":"2025-04-23T14:04:12+00:00","og_image":[{"width":1200,"height":675,"url":"https:\/\/i0.wp.com\/www.emmanuelpidjob.com\/wp-content\/uploads\/2024\/02\/Emmanuel-Pi-Djob-par-Picteos.jpg?fit=1200%2C675&ssl=1","type":"image\/jpeg"}],"twitter_card":"summary_large_image","twitter_site":"@PiDjobOfficiel","twitter_misc":{"Est. reading time":"1 minute"},"schema":{"@context":"https:\/\/schema.org","@graph":[{"@type":"WebPage","@id":"https:\/\/www.emmanuelpidjob.com\/en\/legal-notice\/","url":"https:\/\/www.emmanuelpidjob.com\/en\/legal-notice\/","name":"Legal Notice - Emmanuel PiDjob Officiel","isPartOf":{"@id":"https:\/\/www.emmanuelpidjob.com\/en\/#website"},"datePublished":"2023-05-16T09:39:08+00:00","dateModified":"2025-04-23T14:04:12+00:00","breadcrumb":{"@id":"https:\/\/www.emmanuelpidjob.com\/en\/legal-notice\/#breadcrumb"},"inLanguage":"en-US","potentialAction":[{"@type":"ReadAction","target":["https:\/\/www.emmanuelpidjob.com\/en\/legal-notice\/"]}]},{"@type":"BreadcrumbList","@id":"https:\/\/www.emmanuelpidjob.com\/en\/legal-notice\/#breadcrumb","itemListElement":[{"@type":"ListItem","position":1,"name":"Accueil","item":"https:\/\/www.emmanuelpidjob.com\/en\/"},{"@type":"ListItem","position":2,"name":"Legal Notice"}]},{"@type":"WebSite","@id":"https:\/\/www.emmanuelpidjob.com\/en\/#website","url":"https:\/\/www.emmanuelpidjob.com\/en\/","name":"Emmanuel Pi Djob Officiel","description":"Le site Internet officiel de l&#039;artiste Emmanuel Pi Djob","publisher":{"@id":"https:\/\/www.emmanuelpidjob.com\/en\/#organization"},"alternateName":"Site Internet Emmanuel Pi Djob","potentialAction":[{"@type":"SearchAction","target":{"@type":"EntryPoint","urlTemplate":"https:\/\/www.emmanuelpidjob.com\/en\/?s={search_term_string}"},"query-input":{"@type":"PropertyValueSpecification","valueRequired":true,"valueName":"search_term_string"}}],"inLanguage":"en-US"},{"@type":"Organization","@id":"https:\/\/www.emmanuelpidjob.com\/en\/#organization","name":"Emmanuel PiDjob Officiel","alternateName":"Pi Djob","url":"https:\/\/www.emmanuelpidjob.com\/en\/","logo":{"@type":"ImageObject","inLanguage":"en-US","@id":"https:\/\/www.emmanuelpidjob.com\/en\/#\/schema\/logo\/image\/","url":"https:\/\/www.emmanuelpidjob.com\/wp-content\/uploads\/2023\/06\/logo-temporaire-emmanueldjob-fonce.png","contentUrl":"https:\/\/www.emmanuelpidjob.com\/wp-content\/uploads\/2023\/06\/logo-temporaire-emmanueldjob-fonce.png","width":455,"height":211,"caption":"Emmanuel PiDjob Officiel"},"image":{"@id":"https:\/\/www.emmanuelpidjob.com\/en\/#\/schema\/logo\/image\/"},"sameAs":["https:\/\/www.facebook.com\/EmmanuelPiDjobOfficiel\/","https:\/\/x.com\/PiDjobOfficiel","https:\/\/www.instagram.com\/emmanuelpidjob\/"]}]}},"jetpack_sharing_enabled":true,"_links":{"self":[{"href":"https:\/\/www.emmanuelpidjob.com\/en\/wp-json\/wp\/v2\/pages\/3182","targetHints":{"allow":["GET"]}}],"collection":[{"href":"https:\/\/www.emmanuelpidjob.com\/en\/wp-json\/wp\/v2\/pages"}],"about":[{"href":"https:\/\/www.emmanuelpidjob.com\/en\/wp-json\/wp\/v2\/types\/page"}],"author":[{"embeddable":true,"href":"https:\/\/www.emmanuelpidjob.com\/en\/wp-json\/wp\/v2\/users\/1"}],"replies":[{"embeddable":true,"href":"https:\/\/www.emmanuelpidjob.com\/en\/wp-json\/wp\/v2\/comments?post=3182"}],"version-history":[{"count":4,"href":"https:\/\/www.emmanuelpidjob.com\/en\/wp-json\/wp\/v2\/pages\/3182\/revisions"}],"predecessor-version":[{"id":3681,"href":"https:\/\/www.emmanuelpidjob.com\/en\/wp-json\/wp\/v2\/pages\/3182\/revisions\/3681"}],"wp:attachment":[{"href":"https:\/\/www.emmanuelpidjob.com\/en\/wp-json\/wp\/v2\/media?parent=3182"}],"curies":[{"name":"wp","href":"https:\/\/api.w.org\/{rel}","templated":true}]}}