{"id":3240,"date":"2024-01-29T11:45:10","date_gmt":"2024-01-29T10:45:10","guid":{"rendered":"https:\/\/www.emmanuelpidjob.com\/discography\/album-praise-jah-almighty\/"},"modified":"2025-03-19T18:12:46","modified_gmt":"2025-03-19T17:12:46","slug":"album-praise-jah-almighty","status":"publish","type":"page","link":"https:\/\/www.emmanuelpidjob.com\/en\/discography\/album-praise-jah-almighty\/","title":{"rendered":"Album Praise Jah Almighty"},"content":{"rendered":"<p>[et_pb_section fb_built=&#8221;1&#8243; _builder_version=&#8221;4.21.0&#8243; _module_preset=&#8221;default&#8221; custom_padding=&#8221;||20px|||&#8221; global_colors_info=&#8221;{}&#8221;][et_pb_row _builder_version=&#8221;4.23.1&#8243; _module_preset=&#8221;default&#8221; global_colors_info=&#8221;{}&#8221;][et_pb_column type=&#8221;4_4&#8243; _builder_version=&#8221;4.21.0&#8243; _module_preset=&#8221;default&#8221; global_colors_info=&#8221;{}&#8221;][et_pb_text _builder_version=&#8221;4.24.0&#8243; _dynamic_attributes=&#8221;content&#8221; _module_preset=&#8221;default&#8221; text_font_size=&#8221;25px&#8221; header_font=&#8221;|700|||||||&#8221; header_font_size=&#8221;40px&#8221; background_image=&#8221;https:\/\/www.emmanuelpidjob.com\/wp-content\/uploads\/2023\/06\/background-brush-1.png&#8221; background_size=&#8221;contain&#8221; text_orientation=&#8221;center&#8221; custom_padding=&#8221;3px||0px||false|false&#8221; global_colors_info=&#8221;{}&#8221;]@ET-DC@eyJkeW5hbWljIjp0cnVlLCJjb250ZW50IjoicG9zdF90aXRsZSIsInNldHRpbmdzIjp7ImJlZm9yZSI6IjxoMT4iLCJhZnRlciI6IjwvaDE+In19@[\/et_pb_text][\/et_pb_column][\/et_pb_row][\/et_pb_section][et_pb_section fb_built=&#8221;1&#8243; _builder_version=&#8221;4.23.1&#8243; _module_preset=&#8221;default&#8221; background_enable_color=&#8221;off&#8221; custom_padding=&#8221;0px|||||&#8221; global_colors_info=&#8221;{}&#8221;][et_pb_row column_structure=&#8221;2_5,3_5&#8243; _builder_version=&#8221;4.23.1&#8243; _module_preset=&#8221;default&#8221; width=&#8221;90%&#8221; custom_margin=&#8221;|auto|60px|auto||&#8221; custom_padding=&#8221;0px|||||&#8221; global_colors_info=&#8221;{}&#8221;][et_pb_column type=&#8221;2_5&#8243; _builder_version=&#8221;4.23.1&#8243; _module_preset=&#8221;default&#8221; global_colors_info=&#8221;{}&#8221;][et_pb_image src=&#8221;https:\/\/www.emmanuelpidjob.com\/wp-content\/uploads\/2024\/01\/Album-Praise-Jah-Almighty.jpg&#8221; title_text=&#8221;Album Praise Jah Almighty&#8221; _builder_version=&#8221;4.24.0&#8243; _module_preset=&#8221;default&#8221; global_colors_info=&#8221;{}&#8221;][\/et_pb_image][\/et_pb_column][et_pb_column type=&#8221;3_5&#8243; _builder_version=&#8221;4.23.1&#8243; _module_preset=&#8221;default&#8221; global_colors_info=&#8221;{}&#8221;][et_pb_text _builder_version=&#8221;4.24.0&#8243; _dynamic_attributes=&#8221;link_option_url&#8221; _module_preset=&#8221;default&#8221; header_font=&#8221;ABeeZee||||||||&#8221; header_3_font=&#8221;|700|||||||&#8221; header_3_font_size=&#8221;19px&#8221; custom_margin=&#8221;||17px||false|false&#8221; link_option_url=&#8221;@ET-DC@eyJkeW5hbWljIjp0cnVlLCJjb250ZW50IjoicG9zdF9saW5rX3VybF9wYWdlIiwic2V0dGluZ3MiOnsicG9zdF9pZCI6IjEwOTMifX0=@&#8221; global_colors_info=&#8221;{}&#8221;]<\/p>\n<h3>Praise Jah Almighty<\/h3>\n<p>Black and White Gospel Singers<\/p>\n<p>[\/et_pb_text][et_pb_button button_url=&#8221;https:\/\/soundcloud.com\/blackandwhitegospel\/sets\/praise-jah-almighty&#8221; url_new_window=&#8221;on&#8221; button_text=&#8221;Listen to the album&#8221; disabled_on=&#8221;off|off|off&#8221; _builder_version=&#8221;4.27.4&#8243; _module_preset=&#8221;default&#8221; custom_button=&#8221;on&#8221; button_text_size=&#8221;13px&#8221; button_border_radius=&#8221;6px&#8221; button_font=&#8221;|600|||||||&#8221; button_icon=&#8221;&#xf2d5;||fa||400&#8243; button_icon_color=&#8221;#EED89A&#8221; button_on_hover=&#8221;off&#8221; custom_padding=&#8221;2px||2px||true|false&#8221; hover_enabled=&#8221;0&#8243; locked=&#8221;off&#8221; global_colors_info=&#8221;{}&#8221; sticky_enabled=&#8221;0&#8243;][\/et_pb_button][\/et_pb_column][\/et_pb_row][\/et_pb_section][et_pb_section fb_built=&#8221;1&#8243; _builder_version=&#8221;4.23.4&#8243; _module_preset=&#8221;default&#8221; background_color=&#8221;#232020&#8243; custom_padding=&#8221;0px|||||&#8221; global_colors_info=&#8221;{}&#8221;][et_pb_row _builder_version=&#8221;4.23.4&#8243; _module_preset=&#8221;default&#8221; global_colors_info=&#8221;{}&#8221;][et_pb_column type=&#8221;4_4&#8243; _builder_version=&#8221;4.23.4&#8243; _module_preset=&#8221;default&#8221; global_colors_info=&#8221;{}&#8221;][et_pb_text _builder_version=&#8221;4.27.4&#8243; _module_preset=&#8221;default&#8221; header_2_text_align=&#8221;center&#8221; background_image=&#8221;https:\/\/www.emmanuelpidjob.com\/wp-content\/uploads\/2023\/06\/background-brush-3-green.png&#8221; background_size=&#8221;contain&#8221; background_layout=&#8221;dark&#8221; hover_enabled=&#8221;0&#8243; global_colors_info=&#8221;{}&#8221; sticky_enabled=&#8221;0&#8243;]<\/p>\n<h2>Listen<\/h2>\n<p>[\/et_pb_text][et_pb_code _builder_version=&#8221;4.24.0&#8243; _module_preset=&#8221;default&#8221; max_width=&#8221;600px&#8221; module_alignment=&#8221;center&#8221; global_colors_info=&#8221;{}&#8221;]<iframe loading=\"lazy\" width=\"100%\" height=\"600\" scrolling=\"no\" frameborder=\"no\" allow=\"autoplay\" src=\"https:\/\/w.soundcloud.com\/player\/?url=https%3A\/\/api.soundcloud.com\/playlists\/1086760168&#038;color=%23307131&#038;auto_play=false&#038;hide_related=false&#038;show_comments=true&#038;show_user=true&#038;show_reposts=false&#038;show_teaser=true&#038;visual=true\"><\/iframe><\/p>\n<div style=\"font-size: 10px; color: #cccccc;line-break: anywhere;word-break: normal;overflow: hidden;white-space: nowrap;text-overflow: ellipsis; font-family: Interstate,Lucida Grande,Lucida Sans Unicode,Lucida Sans,Garuda,Verdana,Tahoma,sans-serif;font-weight: 100;\"><a href=\"https:\/\/soundcloud.com\/blackandwhitegospel\" title=\"Black and White\" target=\"_blank\" style=\"color: #cccccc; text-decoration: none;\" rel=\"noopener\">Black and White<\/a> \u00b7 <a href=\"https:\/\/soundcloud.com\/blackandwhitegospel\/sets\/praise-jah-almighty\" title=\"Praise Jah Almighty\" target=\"_blank\" style=\"color: #cccccc; text-decoration: none;\" rel=\"noopener\">Praise Jah Almighty<\/a><\/div>\n<p>[\/et_pb_code][\/et_pb_column][\/et_pb_row][\/et_pb_section]<\/p>\n","protected":false},"excerpt":{"rendered":"<p>Un album d\u2019une densit\u00e9 rare, \u00e0 la production soign\u00e9e. L\u2019itin\u00e9raire d\u2019un condamn\u00e9 \u00e0 mort, en 12 titres \u00e2pres entre Soul-Electro et Blues. R\u00e9sultat r\u00e9ussi d\u2019une rencontre avec les anciens du Wallace Collection.<\/p>\n","protected":false},"author":1,"featured_media":2283,"parent":2434,"menu_order":0,"comment_status":"closed","ping_status":"closed","template":"","meta":{"_et_pb_use_builder":"on","_et_pb_old_content":"<!-- wp:divi\/placeholder \/-->","_et_gb_content_width":"","footnotes":""},"class_list":["post-3240","page","type-page","status-publish","has-post-thumbnail","hentry"],"yoast_head":"<!-- This site is optimized with the Yoast SEO plugin v27.5 - https:\/\/yoast.com\/product\/yoast-seo-wordpress\/ -->\n<title>Album Praise Jah Almighty - Emmanuel PiDjob Officiel<\/title>\n<meta name=\"robots\" content=\"index, follow, max-snippet:-1, max-image-preview:large, max-video-preview:-1\" \/>\n<link rel=\"canonical\" href=\"https:\/\/www.emmanuelpidjob.com\/en\/discography\/album-praise-jah-almighty\/\" \/>\n<meta property=\"og:locale\" content=\"en_US\" \/>\n<meta property=\"og:type\" content=\"article\" \/>\n<meta property=\"og:title\" content=\"Album Praise Jah Almighty - Emmanuel PiDjob Officiel\" \/>\n<meta property=\"og:description\" content=\"Un album d\u2019une densit\u00e9 rare, \u00e0 la production soign\u00e9e. L\u2019itin\u00e9raire d\u2019un condamn\u00e9 \u00e0 mort, en 12 titres \u00e2pres entre Soul-Electro et Blues. R\u00e9sultat r\u00e9ussi d\u2019une rencontre avec les anciens du Wallace Collection.\" \/>\n<meta property=\"og:url\" content=\"https:\/\/www.emmanuelpidjob.com\/en\/discography\/album-praise-jah-almighty\/\" \/>\n<meta property=\"og:site_name\" content=\"Emmanuel PiDjob Officiel\" \/>\n<meta property=\"article:publisher\" content=\"https:\/\/www.facebook.com\/EmmanuelPiDjobOfficiel\/\" \/>\n<meta property=\"article:modified_time\" content=\"2025-03-19T17:12:46+00:00\" \/>\n<meta property=\"og:image\" content=\"https:\/\/www.emmanuelpidjob.com\/wp-content\/uploads\/2024\/01\/Album-Praise-Jah-Almighty.jpg\" \/>\n\t<meta property=\"og:image:width\" content=\"500\" \/>\n\t<meta property=\"og:image:height\" content=\"500\" \/>\n\t<meta property=\"og:image:type\" content=\"image\/jpeg\" \/>\n<meta name=\"twitter:card\" content=\"summary_large_image\" \/>\n<meta name=\"twitter:site\" content=\"@PiDjobOfficiel\" \/>\n<meta name=\"twitter:label1\" content=\"Est. reading time\" \/>\n\t<meta name=\"twitter:data1\" content=\"1 minute\" \/>\n<script type=\"application\/ld+json\" class=\"yoast-schema-graph\">{\"@context\":\"https:\\\/\\\/schema.org\",\"@graph\":[{\"@type\":\"WebPage\",\"@id\":\"https:\\\/\\\/www.emmanuelpidjob.com\\\/en\\\/discography\\\/album-praise-jah-almighty\\\/\",\"url\":\"https:\\\/\\\/www.emmanuelpidjob.com\\\/en\\\/discography\\\/album-praise-jah-almighty\\\/\",\"name\":\"Album Praise Jah Almighty - Emmanuel PiDjob Officiel\",\"isPartOf\":{\"@id\":\"https:\\\/\\\/www.emmanuelpidjob.com\\\/en\\\/#website\"},\"primaryImageOfPage\":{\"@id\":\"https:\\\/\\\/www.emmanuelpidjob.com\\\/en\\\/discography\\\/album-praise-jah-almighty\\\/#primaryimage\"},\"image\":{\"@id\":\"https:\\\/\\\/www.emmanuelpidjob.com\\\/en\\\/discography\\\/album-praise-jah-almighty\\\/#primaryimage\"},\"thumbnailUrl\":\"https:\\\/\\\/i0.wp.com\\\/www.emmanuelpidjob.com\\\/wp-content\\\/uploads\\\/2024\\\/01\\\/Album-Praise-Jah-Almighty.jpg?fit=500%2C500&ssl=1\",\"datePublished\":\"2024-01-29T10:45:10+00:00\",\"dateModified\":\"2025-03-19T17:12:46+00:00\",\"breadcrumb\":{\"@id\":\"https:\\\/\\\/www.emmanuelpidjob.com\\\/en\\\/discography\\\/album-praise-jah-almighty\\\/#breadcrumb\"},\"inLanguage\":\"en-US\",\"potentialAction\":[{\"@type\":\"ReadAction\",\"target\":[\"https:\\\/\\\/www.emmanuelpidjob.com\\\/en\\\/discography\\\/album-praise-jah-almighty\\\/\"]}]},{\"@type\":\"ImageObject\",\"inLanguage\":\"en-US\",\"@id\":\"https:\\\/\\\/www.emmanuelpidjob.com\\\/en\\\/discography\\\/album-praise-jah-almighty\\\/#primaryimage\",\"url\":\"https:\\\/\\\/i0.wp.com\\\/www.emmanuelpidjob.com\\\/wp-content\\\/uploads\\\/2024\\\/01\\\/Album-Praise-Jah-Almighty.jpg?fit=500%2C500&ssl=1\",\"contentUrl\":\"https:\\\/\\\/i0.wp.com\\\/www.emmanuelpidjob.com\\\/wp-content\\\/uploads\\\/2024\\\/01\\\/Album-Praise-Jah-Almighty.jpg?fit=500%2C500&ssl=1\",\"width\":500,\"height\":500},{\"@type\":\"BreadcrumbList\",\"@id\":\"https:\\\/\\\/www.emmanuelpidjob.com\\\/en\\\/discography\\\/album-praise-jah-almighty\\\/#breadcrumb\",\"itemListElement\":[{\"@type\":\"ListItem\",\"position\":1,\"name\":\"Accueil\",\"item\":\"https:\\\/\\\/www.emmanuelpidjob.com\\\/en\\\/\"},{\"@type\":\"ListItem\",\"position\":2,\"name\":\"Discography\",\"item\":\"https:\\\/\\\/www.emmanuelpidjob.com\\\/en\\\/discography\\\/\"},{\"@type\":\"ListItem\",\"position\":3,\"name\":\"Album Praise Jah Almighty\"}]},{\"@type\":\"WebSite\",\"@id\":\"https:\\\/\\\/www.emmanuelpidjob.com\\\/en\\\/#website\",\"url\":\"https:\\\/\\\/www.emmanuelpidjob.com\\\/en\\\/\",\"name\":\"Emmanuel Pi Djob Officiel\",\"description\":\"Le site Internet officiel de l&#039;artiste Emmanuel Pi Djob\",\"publisher\":{\"@id\":\"https:\\\/\\\/www.emmanuelpidjob.com\\\/en\\\/#organization\"},\"alternateName\":\"Site Internet Emmanuel Pi Djob\",\"potentialAction\":[{\"@type\":\"SearchAction\",\"target\":{\"@type\":\"EntryPoint\",\"urlTemplate\":\"https:\\\/\\\/www.emmanuelpidjob.com\\\/en\\\/?s={search_term_string}\"},\"query-input\":{\"@type\":\"PropertyValueSpecification\",\"valueRequired\":true,\"valueName\":\"search_term_string\"}}],\"inLanguage\":\"en-US\"},{\"@type\":\"Organization\",\"@id\":\"https:\\\/\\\/www.emmanuelpidjob.com\\\/en\\\/#organization\",\"name\":\"Emmanuel PiDjob Officiel\",\"alternateName\":\"Pi Djob\",\"url\":\"https:\\\/\\\/www.emmanuelpidjob.com\\\/en\\\/\",\"logo\":{\"@type\":\"ImageObject\",\"inLanguage\":\"en-US\",\"@id\":\"https:\\\/\\\/www.emmanuelpidjob.com\\\/en\\\/#\\\/schema\\\/logo\\\/image\\\/\",\"url\":\"https:\\\/\\\/www.emmanuelpidjob.com\\\/wp-content\\\/uploads\\\/2023\\\/06\\\/logo-temporaire-emmanueldjob-fonce.png\",\"contentUrl\":\"https:\\\/\\\/www.emmanuelpidjob.com\\\/wp-content\\\/uploads\\\/2023\\\/06\\\/logo-temporaire-emmanueldjob-fonce.png\",\"width\":455,\"height\":211,\"caption\":\"Emmanuel PiDjob Officiel\"},\"image\":{\"@id\":\"https:\\\/\\\/www.emmanuelpidjob.com\\\/en\\\/#\\\/schema\\\/logo\\\/image\\\/\"},\"sameAs\":[\"https:\\\/\\\/www.facebook.com\\\/EmmanuelPiDjobOfficiel\\\/\",\"https:\\\/\\\/x.com\\\/PiDjobOfficiel\",\"https:\\\/\\\/www.instagram.com\\\/emmanuelpidjob\\\/\"]}]}<\/script>\n<!-- \/ Yoast SEO plugin. -->","yoast_head_json":{"title":"Album Praise Jah Almighty - Emmanuel PiDjob Officiel","robots":{"index":"index","follow":"follow","max-snippet":"max-snippet:-1","max-image-preview":"max-image-preview:large","max-video-preview":"max-video-preview:-1"},"canonical":"https:\/\/www.emmanuelpidjob.com\/en\/discography\/album-praise-jah-almighty\/","og_locale":"en_US","og_type":"article","og_title":"Album Praise Jah Almighty - Emmanuel PiDjob Officiel","og_description":"Un album d\u2019une densit\u00e9 rare, \u00e0 la production soign\u00e9e. L\u2019itin\u00e9raire d\u2019un condamn\u00e9 \u00e0 mort, en 12 titres \u00e2pres entre Soul-Electro et Blues. R\u00e9sultat r\u00e9ussi d\u2019une rencontre avec les anciens du Wallace Collection.","og_url":"https:\/\/www.emmanuelpidjob.com\/en\/discography\/album-praise-jah-almighty\/","og_site_name":"Emmanuel PiDjob Officiel","article_publisher":"https:\/\/www.facebook.com\/EmmanuelPiDjobOfficiel\/","article_modified_time":"2025-03-19T17:12:46+00:00","og_image":[{"width":500,"height":500,"url":"https:\/\/www.emmanuelpidjob.com\/wp-content\/uploads\/2024\/01\/Album-Praise-Jah-Almighty.jpg","type":"image\/jpeg"}],"twitter_card":"summary_large_image","twitter_site":"@PiDjobOfficiel","twitter_misc":{"Est. reading time":"1 minute"},"schema":{"@context":"https:\/\/schema.org","@graph":[{"@type":"WebPage","@id":"https:\/\/www.emmanuelpidjob.com\/en\/discography\/album-praise-jah-almighty\/","url":"https:\/\/www.emmanuelpidjob.com\/en\/discography\/album-praise-jah-almighty\/","name":"Album Praise Jah Almighty - Emmanuel PiDjob Officiel","isPartOf":{"@id":"https:\/\/www.emmanuelpidjob.com\/en\/#website"},"primaryImageOfPage":{"@id":"https:\/\/www.emmanuelpidjob.com\/en\/discography\/album-praise-jah-almighty\/#primaryimage"},"image":{"@id":"https:\/\/www.emmanuelpidjob.com\/en\/discography\/album-praise-jah-almighty\/#primaryimage"},"thumbnailUrl":"https:\/\/i0.wp.com\/www.emmanuelpidjob.com\/wp-content\/uploads\/2024\/01\/Album-Praise-Jah-Almighty.jpg?fit=500%2C500&ssl=1","datePublished":"2024-01-29T10:45:10+00:00","dateModified":"2025-03-19T17:12:46+00:00","breadcrumb":{"@id":"https:\/\/www.emmanuelpidjob.com\/en\/discography\/album-praise-jah-almighty\/#breadcrumb"},"inLanguage":"en-US","potentialAction":[{"@type":"ReadAction","target":["https:\/\/www.emmanuelpidjob.com\/en\/discography\/album-praise-jah-almighty\/"]}]},{"@type":"ImageObject","inLanguage":"en-US","@id":"https:\/\/www.emmanuelpidjob.com\/en\/discography\/album-praise-jah-almighty\/#primaryimage","url":"https:\/\/i0.wp.com\/www.emmanuelpidjob.com\/wp-content\/uploads\/2024\/01\/Album-Praise-Jah-Almighty.jpg?fit=500%2C500&ssl=1","contentUrl":"https:\/\/i0.wp.com\/www.emmanuelpidjob.com\/wp-content\/uploads\/2024\/01\/Album-Praise-Jah-Almighty.jpg?fit=500%2C500&ssl=1","width":500,"height":500},{"@type":"BreadcrumbList","@id":"https:\/\/www.emmanuelpidjob.com\/en\/discography\/album-praise-jah-almighty\/#breadcrumb","itemListElement":[{"@type":"ListItem","position":1,"name":"Accueil","item":"https:\/\/www.emmanuelpidjob.com\/en\/"},{"@type":"ListItem","position":2,"name":"Discography","item":"https:\/\/www.emmanuelpidjob.com\/en\/discography\/"},{"@type":"ListItem","position":3,"name":"Album Praise Jah Almighty"}]},{"@type":"WebSite","@id":"https:\/\/www.emmanuelpidjob.com\/en\/#website","url":"https:\/\/www.emmanuelpidjob.com\/en\/","name":"Emmanuel Pi Djob Officiel","description":"Le site Internet officiel de l&#039;artiste Emmanuel Pi Djob","publisher":{"@id":"https:\/\/www.emmanuelpidjob.com\/en\/#organization"},"alternateName":"Site Internet Emmanuel Pi Djob","potentialAction":[{"@type":"SearchAction","target":{"@type":"EntryPoint","urlTemplate":"https:\/\/www.emmanuelpidjob.com\/en\/?s={search_term_string}"},"query-input":{"@type":"PropertyValueSpecification","valueRequired":true,"valueName":"search_term_string"}}],"inLanguage":"en-US"},{"@type":"Organization","@id":"https:\/\/www.emmanuelpidjob.com\/en\/#organization","name":"Emmanuel PiDjob Officiel","alternateName":"Pi Djob","url":"https:\/\/www.emmanuelpidjob.com\/en\/","logo":{"@type":"ImageObject","inLanguage":"en-US","@id":"https:\/\/www.emmanuelpidjob.com\/en\/#\/schema\/logo\/image\/","url":"https:\/\/www.emmanuelpidjob.com\/wp-content\/uploads\/2023\/06\/logo-temporaire-emmanueldjob-fonce.png","contentUrl":"https:\/\/www.emmanuelpidjob.com\/wp-content\/uploads\/2023\/06\/logo-temporaire-emmanueldjob-fonce.png","width":455,"height":211,"caption":"Emmanuel PiDjob Officiel"},"image":{"@id":"https:\/\/www.emmanuelpidjob.com\/en\/#\/schema\/logo\/image\/"},"sameAs":["https:\/\/www.facebook.com\/EmmanuelPiDjobOfficiel\/","https:\/\/x.com\/PiDjobOfficiel","https:\/\/www.instagram.com\/emmanuelpidjob\/"]}]}},"jetpack_sharing_enabled":true,"_links":{"self":[{"href":"https:\/\/www.emmanuelpidjob.com\/en\/wp-json\/wp\/v2\/pages\/3240","targetHints":{"allow":["GET"]}}],"collection":[{"href":"https:\/\/www.emmanuelpidjob.com\/en\/wp-json\/wp\/v2\/pages"}],"about":[{"href":"https:\/\/www.emmanuelpidjob.com\/en\/wp-json\/wp\/v2\/types\/page"}],"author":[{"embeddable":true,"href":"https:\/\/www.emmanuelpidjob.com\/en\/wp-json\/wp\/v2\/users\/1"}],"replies":[{"embeddable":true,"href":"https:\/\/www.emmanuelpidjob.com\/en\/wp-json\/wp\/v2\/comments?post=3240"}],"version-history":[{"count":2,"href":"https:\/\/www.emmanuelpidjob.com\/en\/wp-json\/wp\/v2\/pages\/3240\/revisions"}],"predecessor-version":[{"id":3457,"href":"https:\/\/www.emmanuelpidjob.com\/en\/wp-json\/wp\/v2\/pages\/3240\/revisions\/3457"}],"up":[{"embeddable":true,"href":"https:\/\/www.emmanuelpidjob.com\/en\/wp-json\/wp\/v2\/pages\/2434"}],"wp:featuredmedia":[{"embeddable":true,"href":"https:\/\/www.emmanuelpidjob.com\/en\/wp-json\/wp\/v2\/media\/2283"}],"wp:attachment":[{"href":"https:\/\/www.emmanuelpidjob.com\/en\/wp-json\/wp\/v2\/media?parent=3240"}],"curies":[{"name":"wp","href":"https:\/\/api.w.org\/{rel}","templated":true}]}}